{"id":1304,"date":"2016-04-06T10:34:40","date_gmt":"2016-04-06T09:34:40","guid":{"rendered":"https:\/\/dev.onyx-cie.ch\/dev?page_id=1304"},"modified":"2020-01-08T09:41:25","modified_gmt":"2020-01-08T08:41:25","slug":"newsletter","status":"publish","type":"page","link":"https:\/\/www.onyx-cie.ch\/it\/newsletter\/","title":{"rendered":"Newsletter"},"content":{"rendered":"<div class=\"fusion-fullwidth fullwidth-box fusion-builder-row-1 hundred-percent-fullwidth non-hundred-percent-height-scrolling\" style=\"--awb-border-radius-top-left:0px;--awb-border-radius-top-right:0px;--awb-border-radius-bottom-right:0px;--awb-border-radius-bottom-left:0px;--awb-overflow:visible;--awb-flex-wrap:wrap;\" ><div class=\"fusion-builder-row fusion-row\"><div class=\"fusion-layout-column fusion_builder_column fusion-builder-column-0 fusion_builder_column_1_1 1_1 fusion-one-full fusion-column-first fusion-column-last fusion-column-no-min-height\" style=\"--awb-bg-size:cover;--awb-margin-bottom:0px;\"><div class=\"fusion-column-wrapper fusion-flex-column-wrapper-legacy\"><div class=\"fusion-title title fusion-title-1 fusion-title-text fusion-title-size-one\" style=\"--awb-margin-top-small:10px;--awb-margin-right-small:0px;--awb-margin-bottom-small:10px;--awb-margin-left-small:0px;\"><h1 class=\"fusion-title-heading title-heading-left\" style=\"margin:0;\">Iscrizione alla newsletter<\/h1><span class=\"awb-title-spacer\"><\/span><div class=\"title-sep-container\"><div class=\"title-sep sep-single sep-solid\" style=\"border-color:#e0dede;\"><\/div><\/div><\/div><div class=\"fusion-builder-row fusion-builder-row-inner fusion-row\"><div class=\"fusion-layout-column fusion_builder_column_inner fusion-builder-nested-column-0 fusion_builder_column_inner_2_5 2_5 fusion-two-fifth fusion-column-first\" style=\"--awb-bg-size:cover;width:37.6%; margin-right: 4%;\"><div class=\"fusion-column-wrapper fusion-flex-column-wrapper-legacy\"><div class=\"fusion-text fusion-text-1\"><form id=\"subForm\" class=\"js-cm-form\" action=\"https:\/\/www.createsend.com\/t\/subscribeerror?description=\" method=\"post\" data-id=\"5B5E7037DA78A748374AD499497E309E568824F56E43C80E2CFFFD1E2CAC79582B68E47A5AABD539C69271BECA295447185D2B2ABF00615223FB9ABBC8B42FB1\"><label for=\"fieldName\">Nome<br \/>\n<\/label><input id=\"fieldName\" name=\"cm-name\" type=\"text\" \/><label for=\"fieldEmail\"><\/label><\/p>\n<p><label for=\"fieldEmail\">Email<br \/>\n<\/label><input id=\"fieldEmail\" class=\"js-cm-email-input\" name=\"cm-dlikjhk-dlikjhk\" required=\"\" type=\"email\" \/><\/p>\n<p><button class=\"fusion-button button-flat button-round button-medium button-default\" type=\"submit\">Iscriviti<\/button><\/p>\n<\/form>\n<p><script type=\"text\/javascript\" src=\"https:\/\/js.createsend1.com\/javascript\/copypastesubscribeformlogic.js\"><\/script><\/p>\n<\/div><div class=\"fusion-clearfix\"><\/div><\/div><\/div><\/div><div class=\"fusion-clearfix\"><\/div><\/div><\/div><div class=\"fusion-layout-column fusion_builder_column fusion-builder-column-1 fusion_builder_column_1_1 1_1 fusion-one-full fusion-column-first fusion-column-last fusion-column-no-min-height\" style=\"--awb-bg-size:cover;--awb-margin-bottom:0px;\"><div class=\"fusion-column-wrapper fusion-flex-column-wrapper-legacy\"><div class=\"accordian fusion-accordian\" style=\"--awb-border-size:1px;--awb-icon-size:13px;--awb-content-font-size:18px;--awb-icon-alignment:left;--awb-hover-color:#f9f9f9;--awb-border-color:#cccccc;--awb-background-color:#ffffff;--awb-divider-color:#e0dede;--awb-divider-hover-color:#e0dede;--awb-icon-color:#ffffff;--awb-title-color:#27318d;--awb-content-color:#4f4f4f;--awb-icon-box-color:#333333;--awb-toggle-hover-accent-color:#27318d;--awb-title-font-family:&quot;Josefin Sans&quot;;--awb-title-font-weight:400;--awb-title-font-style:normal;--awb-title-font-size:18px;--awb-title-line-height:1.11;--awb-content-font-family:&quot;Josefin Sans&quot;;--awb-content-font-style:normal;--awb-content-font-weight:400;\"><div class=\"panel-group fusion-toggle-icon-boxed\" id=\"accordion-1304-1\"><div class=\"fusion-panel panel-default panel-9239439b8ee928d17 fusion-toggle-has-divider\"><div class=\"panel-heading\"><h4 class=\"panel-title toggle\" id=\"toggle_9239439b8ee928d17\"><a aria-expanded=\"false\" aria-controls=\"9239439b8ee928d17\" role=\"button\" data-toggle=\"collapse\" data-parent=\"#accordion-1304-1\" data-target=\"#9239439b8ee928d17\" href=\"#9239439b8ee928d17\"><span class=\"fusion-toggle-icon-wrapper\" aria-hidden=\"true\"><i class=\"fa-fusion-box active-icon awb-icon-minus\" aria-hidden=\"true\"><\/i><i class=\"fa-fusion-box inactive-icon awb-icon-plus\" aria-hidden=\"true\"><\/i><\/span><span class=\"fusion-toggle-heading\">Regole di privacy<\/span><\/a><\/h4><\/div><div id=\"9239439b8ee928d17\" class=\"panel-collapse collapse \" aria-labelledby=\"toggle_9239439b8ee928d17\"><div class=\"panel-body toggle-content fusion-clearfix\">\n<div align=\"justified\">\n<p>Queste regole si applicano a tutti gli utenti del sito Internet <a href=\"http:\/\/www.onyx-cie.ch\">www.onyx-cie.ch<\/a>.<\/p>\n<p>Onyx &amp; Cie SA si impegna a rispettare il segreto professionale e tutte le altre leggi e regolamentazioni relative alla protezione dei dati personali, garantendo quindi la protezione e la privacy delle vostre informazioni personali.<\/p>\n<p>I dati specifici che trattiamo e la maniera in cui li utilizziamo dipendono in gran parte dai servizi richiesti o convenuti individualmente. Le informazioni seguenti intendono solo fornire un quadro generale del modo in cui trattiamo i vostri dati personali e dei vostri diritti in merito all\u2019utilizzo del presente sito internet. In funzione dei servizi richiesti o convenuti, vi informeremo preliminarmente e dettagliatamente sul trattamento dei vostri dati personali in relazione con tali servizi.<\/p>\n<p style=\"text-align: center;\">*****<\/p>\n<p>Durante la vostra consultazione del Sito Web Onyx, il nostro server Web memorizza automaticamente i dettagli relativi alla vostra consultazione (ad esempio, il vostro indirizzo IP, il sito Web da cui ci consultate, il tipo di browser software utilizzato, le pagine del Sito Web Onyx effettivamente consultate, ivi inclusa la data e la durata della connessione).<\/p>\n<p>Inoltre, acquisiamo i dati personali fornitici attraverso il Sito Web Onyx quali, ad esempio, i dati personali immessi dall&#8217;utente (nome, sesso, indirizzo, indirizzo di E-mail, numero di telefono\/fax) su una pagina di registrazione o i dati immessi durante la registrazione per la ricezione delle newsletter via E-mail.<\/p>\n<p>Onyx utilizzer\u00e0 i vostri dati personali :<\/p>\n<ul>\n<li>Per finalit\u00e0 di amministrazione tecnica nonch\u00e9 di ricerca e sviluppo del Sito Web Onyx,<\/li>\n<li>Per l\u2019amministrazione dei clienti e degli utenti e per finalit\u00e0 di marketing,<\/li>\n<li>Per fornire informazioni sui nostri servizi e prodotti, e<\/li>\n<li>Per qualsiasi altra finalit\u00e0 come altrimenti specificato.<\/li>\n<\/ul>\n<p style=\"text-align: center;\">*****<\/p>\n<p>Onyx utilizza tecnologie di tracciamento come cookie o tag per raccogliere le informazioni indicate sopra, al fine di capire come i visitatori utilizzano il Sito Web Onyx. La tecnologia di tracciamento ci aiuta a gestire e a migliorare la funzionalit\u00e0 del Sito Web Onyx, ad esempio rilevando se vi siano gi\u00e0 stati contatti in passato fra il vostro computer e noi, e a identificare le sezioni pi\u00f9 richieste del sito.<\/p>\n<p>Ove disponibile, il link &#8220;Cookie&#8221; in fondo alla pagina fornisce maggiori dettagli relativamente all&#8217;utilizzo dei cookie da parte di Onyx e permette di controllare quale tipologia di cookie il Sito Web Onyx potrebbe impostare sul vostro dispositivo (note anche come &#8220;impostazioni cookie&#8221;). Si prega di verificare le impostazioni cookie eliminando il segno di spunta sui tipi di cookie per i quali non si consente l\u2019utilizzo.<\/p>\n<p>Rifiutare, disabilitare o disattivare le tecnologie di tracciamento pu\u00f2 causare una disponibilit\u00e0 ridotta dei servizi forniti dal Sito Web Onyx o pu\u00f2 comportare che parti del Sito Web Onyx non funzionino pi\u00f9 correttamente.<\/p>\n<p style=\"text-align: center;\">*****<\/p>\n<p>Avete la possibilit\u00e0 di inserire il vostro nome, cognome ed indirizzo e-mail nel modulo di iscrizione alla newsletter. Iscrivendovi, confermate il vostro desiderio di ricevere le nostre ultime pubblicazioni e notizie. Tali informazioni, inviate per e-mail, sono gratuite.<\/p>\n<p>Onyx contatta unicamente le persone che ne abbiano fatto espressamente richiesta tramite il nostro modulo di iscrizione. L\u2019iscrizione \u00e8 gratuita e non comporta alcun impegno da parte vostra.<\/p>\n<p>Potete interrompere in qualunque momento la ricezione della nostra newsletter contattandoci all\u2019indirizzo <a href=\"mailto:info@onyx-cie.ch\">info@onyx-cie.ch<\/a>. La cessazione del vostro abbonamento sar\u00e0 effettiva entro 72 ore dalla richiesta.<\/p>\n<p style=\"text-align: center;\">*****<\/p>\n<p>Onyx pu\u00f2 comunicare i vostri dati alle proprie filiali e ai rispettivi agenti, all&#8217;interno o all&#8217;esterno del vostro Paese di residenza, affinch\u00e9 questi che possano eseguire i servizi per Onyx e per le finalit\u00e0 di cui sopra. Le nostre filiali, i nostri agenti, che hanno accesso ai dati personali acquisiti mediante il Sito Web Onyx, sono obbligati al rispetto della privacy.<\/p>\n<p>Eccetto in caso di obbligo legale (per esempio, quando la comunicazione \u00e8 richiesta da enti governativi, autorit\u00e0 di regolamentazione o di altro tipo), i vostri dati non verranno comunicati a terzi.<\/p>\n<p>Onyx non proceder\u00e0 in nessun caso alla vendita, allo scambio o alla divulgazione in qualsiasi forma dei vostri dati personali.<\/p>\n<p>Durante il trasferimento interno dei dati personali, verifichiamo che la procedura sia conforme alle legislazioni e alle normative in vigore, ad esempio, stipulando degli accordi che garantiscano che i destinatari dei vostri dati mantengano un livello adeguato di protezione dei dati stessi.<\/p>\n<p style=\"text-align: center;\">*****<\/p>\n<p>Tutti i messaggi elettronici inviati a e da Onyx vengono automaticamente archiviati in un sistema di registrazione separato che preserva il valore probatorio delle e-mail. Queste sono protette con ragionevoli misure tecniche e organizzative; l&#8217;accesso \u00e8 consentito soltanto in casi giustificati, in base aleggi e regolamenti vigenti (es. ordine di un tribunale, sospetto di comportamento criminale, violazione degli obblighi di legge), a soggetti specifici che operano in determinate funzioni (es. compliance). Tutte le e-mail vengono eliminate una volta scaduto il periodo di conservazione prescritto.<\/p>\n<p style=\"text-align: center;\">*****<\/p>\n<p>In linea generale, Internet non \u00e8 considerato un ambiente sicuro e i dati trasferiti via Internet (quali quelli inviati a o da il Sito Web Onyx o tramite messaggio elettronico) possono essere visualizzati da Parti terze non autorizzate, con potenziale rischio di divulgazioni, modifiche dei contenuti o problemi tecnici. Anche nel caso in cui il mittente e il destinatario risiedano nello stesso Paese, i dati trasferiti via Internet possono essere trasmessi oltre le frontiere internazionali e indirizzati in un Paese con un livello di protezione dei dati inferiore rispetto a quello vigente nel Paese di residenza.<\/p>\n<p>Occorre tenere presente che non ci assumiamo alcuna responsabilit\u00e0 a fronte della sicurezza dei vostri dati durante il trasferimento a Onyx via Internet. Al fine di proteggere la vostra privacy, desideriamo ricordare la possibilit\u00e0 di scegliere altri mezzi di comunicazione con Onyx, cos\u00ec come ritenuto opportuno.<\/p>\n<p style=\"text-align: center;\">*****<\/p>\n<p>Conformemente alla Legge federale svizzera sulla protezione dei dati, avete diritto di:<\/p>\n<ul>\n<li>Verificare se deteniamo i vostri dati personali,<\/li>\n<li>Chiederci di fornire una copia dei vostri dati personali, oppure<\/li>\n<li>Richiederci di correggere qualsiasi dato personale che non sia esatto.<\/li>\n<\/ul>\n<p style=\"text-align: center;\">*****<\/p>\n<p>Conserveremo i dati personali soltanto per il tempo necessario a conseguire la finalit\u00e0 per la quale essi sono stati raccolti ovvero per rispettare i requisiti di legge, di regolamento o previsti dalla policy interna.<\/p>\n<p style=\"text-align: center;\">*****<\/p>\n<p>l Sito Web Onyx non intende acquisire I dati personali di utenti di et\u00e0 inferiore a 18 anni. Tali utenti, prima di poter rilasciare I propri dati personali a Onyx mediante il Sito Web Onyx, dovranno ottenere l&#8217;autorizzazione dai propri genitori o dal tutore legale.<\/p>\n<p style=\"text-align: center;\">*****<\/p>\n<p>La persona responsabile del trattamento dei vostri dati personali \u00e8 Manuela ROBUTTI-CROCE (telefono: <a href=\"tel:+41 (0)22 906 85 03\">+41 (0)22 906 85 03<\/a>; <a href=\"mailto:m.robutti@onyx-cie.ch\">m.robutti@onyx-cie.ch<\/a>). Potete rivolgervi a lei per ulteriori informazioni.<\/p>\n<p>Qualora la risposta di Onyx non soddisfi il cliente, quest\u2019ultimo avr\u00e0 il diritto di presentare un reclamo presso l&#8217;autorit\u00e0 per la protezione dei dati personali nella giurisdizione del luogo di residenza o lavoro, oppure del luogo in cui ritiene sia sorto un problema in relazione ai propri dati personali.<\/p>\n<p>Ultimo aggiornamento nel mese di dicembre 2018.<\/p>\n<\/div>\n<\/div><\/div><\/div><\/div><\/div><div class=\"fusion-clearfix\"><\/div><\/div><\/div><\/div><\/div>\n","protected":false},"excerpt":{"rendered":"","protected":false},"author":1,"featured_media":0,"parent":0,"menu_order":0,"comment_status":"open","ping_status":"open","template":"","meta":{"footnotes":""},"class_list":["post-1304","page","type-page","status-publish","hentry"],"yoast_head":"<!-- This site is optimized with the Yoast SEO plugin v27.4 - https:\/\/yoast.com\/product\/yoast-seo-wordpress\/ -->\n<title>Newsletter - We are an independent family office<\/title>\n<meta name=\"description\" content=\"Iscriversi qui per ricevere le nostre ultime newsletter sulla gestione patrimoniale, le novit\u00e0 lifestyle o i recenti sviluppi legislativi.\" \/>\n<meta name=\"robots\" content=\"index, follow, max-snippet:-1, max-image-preview:large, max-video-preview:-1\" \/>\n<link rel=\"canonical\" href=\"https:\/\/www.onyx-cie.ch\/it\/newsletter\/\" \/>\n<meta property=\"og:locale\" content=\"it_IT\" \/>\n<meta property=\"og:type\" content=\"article\" \/>\n<meta property=\"og:title\" content=\"Newsletter - We are an independent family office\" \/>\n<meta property=\"og:description\" content=\"Iscriversi qui per ricevere le nostre ultime newsletter sulla gestione patrimoniale, le novit\u00e0 lifestyle o i recenti sviluppi legislativi.\" \/>\n<meta property=\"og:url\" content=\"https:\/\/www.onyx-cie.ch\/it\/newsletter\/\" \/>\n<meta property=\"og:site_name\" content=\"We are an independent family office\" \/>\n<meta property=\"article:publisher\" content=\"https:\/\/www.facebook.com\/onyxcie\" \/>\n<meta property=\"article:modified_time\" content=\"2020-01-08T08:41:25+00:00\" \/>\n<meta name=\"twitter:card\" content=\"summary_large_image\" \/>\n<meta name=\"twitter:site\" content=\"@onyx_cie\" \/>\n<meta name=\"twitter:label1\" content=\"Tempo di lettura stimato\" \/>\n\t<meta name=\"twitter:data1\" content=\"7 minuti\" \/>\n<script type=\"application\/ld+json\" class=\"yoast-schema-graph\">{\"@context\":\"https:\\\/\\\/schema.org\",\"@graph\":[{\"@type\":\"WebPage\",\"@id\":\"https:\\\/\\\/www.onyx-cie.ch\\\/it\\\/newsletter\\\/\",\"url\":\"https:\\\/\\\/www.onyx-cie.ch\\\/it\\\/newsletter\\\/\",\"name\":\"Newsletter - We are an independent family office\",\"isPartOf\":{\"@id\":\"https:\\\/\\\/www.onyx-cie.ch\\\/#website\"},\"datePublished\":\"2016-04-06T09:34:40+00:00\",\"dateModified\":\"2020-01-08T08:41:25+00:00\",\"description\":\"Iscriversi qui per ricevere le nostre ultime newsletter sulla gestione patrimoniale, le novit\u00e0 lifestyle o i recenti sviluppi legislativi.\",\"breadcrumb\":{\"@id\":\"https:\\\/\\\/www.onyx-cie.ch\\\/it\\\/newsletter\\\/#breadcrumb\"},\"inLanguage\":\"it-IT\",\"potentialAction\":[{\"@type\":\"ReadAction\",\"target\":[\"https:\\\/\\\/www.onyx-cie.ch\\\/it\\\/newsletter\\\/\"]}]},{\"@type\":\"BreadcrumbList\",\"@id\":\"https:\\\/\\\/www.onyx-cie.ch\\\/it\\\/newsletter\\\/#breadcrumb\",\"itemListElement\":[{\"@type\":\"ListItem\",\"position\":1,\"name\":\"Accueil\",\"item\":\"https:\\\/\\\/www.onyx-cie.ch\\\/it\\\/\"},{\"@type\":\"ListItem\",\"position\":2,\"name\":\"Newsletter\"}]},{\"@type\":\"WebSite\",\"@id\":\"https:\\\/\\\/www.onyx-cie.ch\\\/#website\",\"url\":\"https:\\\/\\\/www.onyx-cie.ch\\\/\",\"name\":\"We are an independent family office\",\"description\":\"We have a presence in Europe, Asia and Oceania.\",\"potentialAction\":[{\"@type\":\"SearchAction\",\"target\":{\"@type\":\"EntryPoint\",\"urlTemplate\":\"https:\\\/\\\/www.onyx-cie.ch\\\/?s={search_term_string}\"},\"query-input\":{\"@type\":\"PropertyValueSpecification\",\"valueRequired\":true,\"valueName\":\"search_term_string\"}}],\"inLanguage\":\"it-IT\"}]}<\/script>\n<!-- \/ Yoast SEO plugin. -->","yoast_head_json":{"title":"Newsletter - We are an independent family office","description":"Iscriversi qui per ricevere le nostre ultime newsletter sulla gestione patrimoniale, le novit\u00e0 lifestyle o i recenti sviluppi legislativi.","robots":{"index":"index","follow":"follow","max-snippet":"max-snippet:-1","max-image-preview":"max-image-preview:large","max-video-preview":"max-video-preview:-1"},"canonical":"https:\/\/www.onyx-cie.ch\/it\/newsletter\/","og_locale":"it_IT","og_type":"article","og_title":"Newsletter - We are an independent family office","og_description":"Iscriversi qui per ricevere le nostre ultime newsletter sulla gestione patrimoniale, le novit\u00e0 lifestyle o i recenti sviluppi legislativi.","og_url":"https:\/\/www.onyx-cie.ch\/it\/newsletter\/","og_site_name":"We are an independent family office","article_publisher":"https:\/\/www.facebook.com\/onyxcie","article_modified_time":"2020-01-08T08:41:25+00:00","twitter_card":"summary_large_image","twitter_site":"@onyx_cie","twitter_misc":{"Tempo di lettura stimato":"7 minuti"},"schema":{"@context":"https:\/\/schema.org","@graph":[{"@type":"WebPage","@id":"https:\/\/www.onyx-cie.ch\/it\/newsletter\/","url":"https:\/\/www.onyx-cie.ch\/it\/newsletter\/","name":"Newsletter - We are an independent family office","isPartOf":{"@id":"https:\/\/www.onyx-cie.ch\/#website"},"datePublished":"2016-04-06T09:34:40+00:00","dateModified":"2020-01-08T08:41:25+00:00","description":"Iscriversi qui per ricevere le nostre ultime newsletter sulla gestione patrimoniale, le novit\u00e0 lifestyle o i recenti sviluppi legislativi.","breadcrumb":{"@id":"https:\/\/www.onyx-cie.ch\/it\/newsletter\/#breadcrumb"},"inLanguage":"it-IT","potentialAction":[{"@type":"ReadAction","target":["https:\/\/www.onyx-cie.ch\/it\/newsletter\/"]}]},{"@type":"BreadcrumbList","@id":"https:\/\/www.onyx-cie.ch\/it\/newsletter\/#breadcrumb","itemListElement":[{"@type":"ListItem","position":1,"name":"Accueil","item":"https:\/\/www.onyx-cie.ch\/it\/"},{"@type":"ListItem","position":2,"name":"Newsletter"}]},{"@type":"WebSite","@id":"https:\/\/www.onyx-cie.ch\/#website","url":"https:\/\/www.onyx-cie.ch\/","name":"We are an independent family office","description":"We have a presence in Europe, Asia and Oceania.","potentialAction":[{"@type":"SearchAction","target":{"@type":"EntryPoint","urlTemplate":"https:\/\/www.onyx-cie.ch\/?s={search_term_string}"},"query-input":{"@type":"PropertyValueSpecification","valueRequired":true,"valueName":"search_term_string"}}],"inLanguage":"it-IT"}]}},"_links":{"self":[{"href":"https:\/\/www.onyx-cie.ch\/it\/wp-json\/wp\/v2\/pages\/1304","targetHints":{"allow":["GET"]}}],"collection":[{"href":"https:\/\/www.onyx-cie.ch\/it\/wp-json\/wp\/v2\/pages"}],"about":[{"href":"https:\/\/www.onyx-cie.ch\/it\/wp-json\/wp\/v2\/types\/page"}],"author":[{"embeddable":true,"href":"https:\/\/www.onyx-cie.ch\/it\/wp-json\/wp\/v2\/users\/1"}],"replies":[{"embeddable":true,"href":"https:\/\/www.onyx-cie.ch\/it\/wp-json\/wp\/v2\/comments?post=1304"}],"version-history":[{"count":18,"href":"https:\/\/www.onyx-cie.ch\/it\/wp-json\/wp\/v2\/pages\/1304\/revisions"}],"predecessor-version":[{"id":3550,"href":"https:\/\/www.onyx-cie.ch\/it\/wp-json\/wp\/v2\/pages\/1304\/revisions\/3550"}],"wp:attachment":[{"href":"https:\/\/www.onyx-cie.ch\/it\/wp-json\/wp\/v2\/media?parent=1304"}],"curies":[{"name":"wp","href":"https:\/\/api.w.org\/{rel}","templated":true}]}}