{"id":1279,"date":"2016-04-05T15:52:01","date_gmt":"2016-04-05T14:52:01","guid":{"rendered":"https:\/\/dev.onyx-cie.ch\/dev?page_id=1279"},"modified":"2020-03-19T10:11:15","modified_gmt":"2020-03-19T09:11:15","slug":"business-development","status":"publish","type":"page","link":"https:\/\/www.onyx-cie.ch\/it\/business-development\/","title":{"rendered":"Business development"},"content":{"rendered":"<div class=\"fusion-fullwidth fullwidth-box fusion-builder-row-1 hundred-percent-fullwidth non-hundred-percent-height-scrolling\" style=\"--awb-border-radius-top-left:0px;--awb-border-radius-top-right:0px;--awb-border-radius-bottom-right:0px;--awb-border-radius-bottom-left:0px;--awb-overflow:visible;--awb-flex-wrap:wrap;\" ><div class=\"fusion-builder-row fusion-row\"><div class=\"fusion-layout-column fusion_builder_column fusion-builder-column-0 fusion_builder_column_1_1 1_1 fusion-one-full fusion-column-first fusion-column-last fusion-column-no-min-height\" style=\"--awb-bg-size:cover;--awb-margin-bottom:0px;\"><div class=\"fusion-column-wrapper fusion-flex-column-wrapper-legacy\"><div class=\"fusion-title title fusion-title-1 fusion-title-text fusion-title-size-one\" style=\"--awb-margin-top-small:10px;--awb-margin-right-small:0px;--awb-margin-bottom-small:10px;--awb-margin-left-small:0px;\"><h1 class=\"fusion-title-heading title-heading-left\" style=\"margin:0;\"><h2>Business development<\/h2><\/h1><span class=\"awb-title-spacer\"><\/span><div class=\"title-sep-container\"><div class=\"title-sep sep-single sep-solid\" style=\"border-color:#e0dede;\"><\/div><\/div><\/div><div class=\"fusion-builder-row fusion-builder-row-inner fusion-row\"><div class=\"fusion-layout-column fusion_builder_column_inner fusion-builder-nested-column-0 fusion_builder_column_inner_1_2 1_2 fusion-one-half fusion-column-first\" style=\"--awb-bg-size:cover;width:48%; margin-right: 4%;\"><div class=\"fusion-column-wrapper fusion-flex-column-wrapper-legacy\"><div class=\"fusion-text fusion-text-1\"><p style=\"text-align: justify;\">Forte dell\u2019esperienza dei suoi associati, la Onyx &amp; Cie SA \u00e8 anche specializzata nella consulenza finanziaria per privati, societ\u00e0 di servizi ed imprese industriali. Tenendo conto della nazionalit\u00e0, del luogo di residenza e delle problematiche fiscali, giuridiche ed economiche, la Onyx &amp; Cie SA \u00e8 in grado di assistere i propri clienti nella preparazione e nella realizzazione di qualsiasi operazione di natura finanziaria:<\/p>\n<ul>\n<li style=\"text-align: justify;\">Acquisizione, possesso e vendita di attivi liquidi (portafoglio di valori mobiliari) e non liquidi (partecipazioni, immobili, alberghi, imbarcazioni, jet privati, ecc.).<\/li>\n<li style=\"text-align: justify;\">Strutturazione di imprese familiari in vista della loro vendita o di un\u2019introduzione in Borsa.<\/li>\n<li style=\"text-align: justify;\">Ricerca di societ\u00e0 target e messa in opera di progetti di investimento (joint-venture, fusioni, ecc.).<\/li>\n<li style=\"text-align: justify;\">Arbitraggi, audit (due diligence) e negoziazione di prestazioni finanziarie.<\/li>\n<li style=\"text-align: justify;\">Trasferimento e rilevamento di societ\u00e0 commerciali.<\/li>\n<li style=\"text-align: justify;\">Strutturazione del credito (mutuo ipotecario, ecc.) e ottimizzazione della liquidit\u00e0.<\/li>\n<\/ul>\n<\/div><div class=\"fusion-clearfix\"><\/div><\/div><\/div><div class=\"fusion-layout-column fusion_builder_column_inner fusion-builder-nested-column-1 fusion_builder_column_inner_1_2 1_2 fusion-one-half fusion-column-last\" style=\"--awb-bg-size:cover;width:48%;\"><div class=\"fusion-column-wrapper fusion-flex-column-wrapper-legacy\"><div class=\"fusion-text fusion-text-2\"><p style=\"text-align: justify;\">La Onyx &amp; Cie SA dispone inoltre di un accesso privilegiato a <a href=\"https:\/\/www.onyx-cie.ch\/it\/beni-deccellenza\/\">beni immobiliari di eccezione<\/a> che non sono sul mercato: la societ\u00e0 lavora direttamente con proprietari, promotori e agenzie immobiliari.<\/p>\n<p style=\"text-align: justify;\">Infine, grazie alla sua presenza a Singapore (<a href=\"http:\/\/www.croce-associes.sg\">www.croce-associes.sg<\/a>) e in Cina, la Onyx &amp; Cie SA assiste la propria clientela svizzera ed europea in tutti i progetti di installazione nel sud-est asiatico (domiciliazione aziendale, acquisto o vendita di immobili, partecipazioni in societ\u00e0 locali, ricerca di finanziamenti, ecc.).<\/p>\n<p style=\"text-align: justify;\">Forte di una lunga esperienza in questa regione, la Onyx &amp; Cie SA dispone di una rete molto fitta di corrispondenti: banche, studi legali specializzati, fiduciari o fiscalisti.<\/p>\n<p style=\"text-align: justify;\">L\u2019investitore europeo che voglia installarsi o lanciare un nuovo business in Asia viene quindi subito sapientemente guidato nelle sue scelte ed informato sulle specificit\u00e0 locali. La societ\u00e0 coordina inoltre per lui le pratiche aziendali e sorveglia il lavoro effettuato dai corrispondenti locali.<\/p>\n<\/div><div class=\"fusion-clearfix\"><\/div><\/div><\/div><\/div><div class=\"fusion-clearfix\"><\/div><\/div><\/div><div class=\"fusion-layout-column fusion_builder_column fusion-builder-column-1 fusion_builder_column_1_1 1_1 fusion-one-full fusion-column-first fusion-column-last fusion-column-no-min-height\" style=\"--awb-bg-size:cover;--awb-margin-bottom:0px;\"><div class=\"fusion-column-wrapper fusion-flex-column-wrapper-legacy\"><div class=\"fusion-sep-clear\"><\/div><div class=\"fusion-separator fusion-full-width-sep\" style=\"margin-left: auto;margin-right: auto;margin-bottom:47px;width:100%;\"><div class=\"fusion-separator-border sep-single sep-solid\" style=\"--awb-height:20px;--awb-amount:20px;border-color:#e0dede;border-top-width:1px;\"><\/div><\/div><div class=\"fusion-sep-clear\"><\/div><div class=\"fusion-clearfix\"><\/div><\/div><\/div><div class=\"fusion-layout-column fusion_builder_column fusion-builder-column-2 fusion_builder_column_1_1 1_1 fusion-one-full fusion-column-first fusion-column-last fusion-column-no-min-height\" style=\"--awb-bg-size:cover;--awb-margin-bottom:0px;\"><div class=\"fusion-column-wrapper fusion-flex-column-wrapper-legacy\"><div class=\"fusion-reading-box-container reading-box-container-1\" style=\"--awb-title-color:#27318d;--awb-margin-top:0px;--awb-margin-bottom:84px;\"><div class=\"reading-box\" style=\"background-color:#f6f6f6;border-width:1px;border-color:#f6f6f6;border-top-width:3px;border-top-color:var(--primary_color);border-style:solid;\"><div class=\"reading-box-additional\">\n<h3 style=\"text-align: justify;\"><strong>\u201cGrazie alla nostra presenza in tre continenti, selezioniamo le migliori opportunit\u00e0 di investimento tenendo conto delle specificit\u00e0 locali ed assicuriamo un monitoraggio regolare nel tempo per dare vita ad una prestazione che risponda alle vostre esigenze.\u201d<\/strong><\/h3>\n<\/div><div class=\"fusion-clearfix\"><\/div><\/div><\/div><div class=\"fusion-clearfix\"><\/div><\/div><\/div><\/div><\/div>\n","protected":false},"excerpt":{"rendered":"","protected":false},"author":1,"featured_media":0,"parent":0,"menu_order":0,"comment_status":"open","ping_status":"open","template":"","meta":{"footnotes":""},"class_list":["post-1279","page","type-page","status-publish","hentry"],"yoast_head":"<!-- This site is optimized with the Yoast SEO plugin v27.5 - https:\/\/yoast.com\/product\/yoast-seo-wordpress\/ -->\n<title>Business development - We are an independent family office<\/title>\n<meta name=\"description\" content=\"Business development: il family office seguir\u00e0 i vostri progetti per sviluppare i vostri interessi in Svizzera o all&#039;estero (finanziamento, acquisto, ecc.).\" \/>\n<meta name=\"robots\" content=\"index, follow, max-snippet:-1, max-image-preview:large, max-video-preview:-1\" \/>\n<link rel=\"canonical\" href=\"https:\/\/www.onyx-cie.ch\/it\/business-development\/\" \/>\n<meta property=\"og:locale\" content=\"it_IT\" \/>\n<meta property=\"og:type\" content=\"article\" \/>\n<meta property=\"og:title\" content=\"Business development - We are an independent family office\" \/>\n<meta property=\"og:description\" content=\"Business development: il family office seguir\u00e0 i vostri progetti per sviluppare i vostri interessi in Svizzera o all&#039;estero (finanziamento, acquisto, ecc.).\" \/>\n<meta property=\"og:url\" content=\"https:\/\/www.onyx-cie.ch\/it\/business-development\/\" \/>\n<meta property=\"og:site_name\" content=\"We are an independent family office\" \/>\n<meta property=\"article:publisher\" content=\"https:\/\/www.facebook.com\/onyxcie\" \/>\n<meta property=\"article:modified_time\" content=\"2020-03-19T09:11:15+00:00\" \/>\n<meta name=\"twitter:card\" content=\"summary_large_image\" \/>\n<meta name=\"twitter:site\" content=\"@onyx_cie\" \/>\n<meta name=\"twitter:label1\" content=\"Tempo di lettura stimato\" \/>\n\t<meta name=\"twitter:data1\" content=\"4 minuti\" \/>\n<script type=\"application\/ld+json\" class=\"yoast-schema-graph\">{\"@context\":\"https:\\\/\\\/schema.org\",\"@graph\":[{\"@type\":\"WebPage\",\"@id\":\"https:\\\/\\\/www.onyx-cie.ch\\\/it\\\/business-development\\\/\",\"url\":\"https:\\\/\\\/www.onyx-cie.ch\\\/it\\\/business-development\\\/\",\"name\":\"Business development - We are an independent family office\",\"isPartOf\":{\"@id\":\"https:\\\/\\\/www.onyx-cie.ch\\\/#website\"},\"datePublished\":\"2016-04-05T14:52:01+00:00\",\"dateModified\":\"2020-03-19T09:11:15+00:00\",\"description\":\"Business development: il family office seguir\u00e0 i vostri progetti per sviluppare i vostri interessi in Svizzera o all'estero (finanziamento, acquisto, ecc.).\",\"breadcrumb\":{\"@id\":\"https:\\\/\\\/www.onyx-cie.ch\\\/it\\\/business-development\\\/#breadcrumb\"},\"inLanguage\":\"it-IT\",\"potentialAction\":[{\"@type\":\"ReadAction\",\"target\":[\"https:\\\/\\\/www.onyx-cie.ch\\\/it\\\/business-development\\\/\"]}]},{\"@type\":\"BreadcrumbList\",\"@id\":\"https:\\\/\\\/www.onyx-cie.ch\\\/it\\\/business-development\\\/#breadcrumb\",\"itemListElement\":[{\"@type\":\"ListItem\",\"position\":1,\"name\":\"Accueil\",\"item\":\"https:\\\/\\\/www.onyx-cie.ch\\\/it\\\/\"},{\"@type\":\"ListItem\",\"position\":2,\"name\":\"Business development\"}]},{\"@type\":\"WebSite\",\"@id\":\"https:\\\/\\\/www.onyx-cie.ch\\\/#website\",\"url\":\"https:\\\/\\\/www.onyx-cie.ch\\\/\",\"name\":\"We are an independent family office\",\"description\":\"We have a presence in Europe, Asia and Oceania.\",\"potentialAction\":[{\"@type\":\"SearchAction\",\"target\":{\"@type\":\"EntryPoint\",\"urlTemplate\":\"https:\\\/\\\/www.onyx-cie.ch\\\/?s={search_term_string}\"},\"query-input\":{\"@type\":\"PropertyValueSpecification\",\"valueRequired\":true,\"valueName\":\"search_term_string\"}}],\"inLanguage\":\"it-IT\"}]}<\/script>\n<!-- \/ Yoast SEO plugin. -->","yoast_head_json":{"title":"Business development - We are an independent family office","description":"Business development: il family office seguir\u00e0 i vostri progetti per sviluppare i vostri interessi in Svizzera o all'estero (finanziamento, acquisto, ecc.).","robots":{"index":"index","follow":"follow","max-snippet":"max-snippet:-1","max-image-preview":"max-image-preview:large","max-video-preview":"max-video-preview:-1"},"canonical":"https:\/\/www.onyx-cie.ch\/it\/business-development\/","og_locale":"it_IT","og_type":"article","og_title":"Business development - We are an independent family office","og_description":"Business development: il family office seguir\u00e0 i vostri progetti per sviluppare i vostri interessi in Svizzera o all'estero (finanziamento, acquisto, ecc.).","og_url":"https:\/\/www.onyx-cie.ch\/it\/business-development\/","og_site_name":"We are an independent family office","article_publisher":"https:\/\/www.facebook.com\/onyxcie","article_modified_time":"2020-03-19T09:11:15+00:00","twitter_card":"summary_large_image","twitter_site":"@onyx_cie","twitter_misc":{"Tempo di lettura stimato":"4 minuti"},"schema":{"@context":"https:\/\/schema.org","@graph":[{"@type":"WebPage","@id":"https:\/\/www.onyx-cie.ch\/it\/business-development\/","url":"https:\/\/www.onyx-cie.ch\/it\/business-development\/","name":"Business development - We are an independent family office","isPartOf":{"@id":"https:\/\/www.onyx-cie.ch\/#website"},"datePublished":"2016-04-05T14:52:01+00:00","dateModified":"2020-03-19T09:11:15+00:00","description":"Business development: il family office seguir\u00e0 i vostri progetti per sviluppare i vostri interessi in Svizzera o all'estero (finanziamento, acquisto, ecc.).","breadcrumb":{"@id":"https:\/\/www.onyx-cie.ch\/it\/business-development\/#breadcrumb"},"inLanguage":"it-IT","potentialAction":[{"@type":"ReadAction","target":["https:\/\/www.onyx-cie.ch\/it\/business-development\/"]}]},{"@type":"BreadcrumbList","@id":"https:\/\/www.onyx-cie.ch\/it\/business-development\/#breadcrumb","itemListElement":[{"@type":"ListItem","position":1,"name":"Accueil","item":"https:\/\/www.onyx-cie.ch\/it\/"},{"@type":"ListItem","position":2,"name":"Business development"}]},{"@type":"WebSite","@id":"https:\/\/www.onyx-cie.ch\/#website","url":"https:\/\/www.onyx-cie.ch\/","name":"We are an independent family office","description":"We have a presence in Europe, Asia and Oceania.","potentialAction":[{"@type":"SearchAction","target":{"@type":"EntryPoint","urlTemplate":"https:\/\/www.onyx-cie.ch\/?s={search_term_string}"},"query-input":{"@type":"PropertyValueSpecification","valueRequired":true,"valueName":"search_term_string"}}],"inLanguage":"it-IT"}]}},"_links":{"self":[{"href":"https:\/\/www.onyx-cie.ch\/it\/wp-json\/wp\/v2\/pages\/1279","targetHints":{"allow":["GET"]}}],"collection":[{"href":"https:\/\/www.onyx-cie.ch\/it\/wp-json\/wp\/v2\/pages"}],"about":[{"href":"https:\/\/www.onyx-cie.ch\/it\/wp-json\/wp\/v2\/types\/page"}],"author":[{"embeddable":true,"href":"https:\/\/www.onyx-cie.ch\/it\/wp-json\/wp\/v2\/users\/1"}],"replies":[{"embeddable":true,"href":"https:\/\/www.onyx-cie.ch\/it\/wp-json\/wp\/v2\/comments?post=1279"}],"version-history":[{"count":12,"href":"https:\/\/www.onyx-cie.ch\/it\/wp-json\/wp\/v2\/pages\/1279\/revisions"}],"predecessor-version":[{"id":3542,"href":"https:\/\/www.onyx-cie.ch\/it\/wp-json\/wp\/v2\/pages\/1279\/revisions\/3542"}],"wp:attachment":[{"href":"https:\/\/www.onyx-cie.ch\/it\/wp-json\/wp\/v2\/media?parent=1279"}],"curies":[{"name":"wp","href":"https:\/\/api.w.org\/{rel}","templated":true}]}}