{"id":1273,"date":"2016-04-05T15:34:00","date_gmt":"2016-04-05T14:34:00","guid":{"rendered":"https:\/\/dev.onyx-cie.ch\/dev?page_id=1273"},"modified":"2020-03-19T10:06:53","modified_gmt":"2020-03-19T09:06:53","slug":"lethique-et-la-philosophie","status":"publish","type":"page","link":"https:\/\/www.onyx-cie.ch\/it\/lethique-et-la-philosophie\/","title":{"rendered":"L\u2019etica e la filosofia"},"content":{"rendered":"<div class=\"fusion-fullwidth fullwidth-box fusion-builder-row-1 hundred-percent-fullwidth non-hundred-percent-height-scrolling\" style=\"--awb-border-radius-top-left:0px;--awb-border-radius-top-right:0px;--awb-border-radius-bottom-right:0px;--awb-border-radius-bottom-left:0px;--awb-overflow:visible;--awb-flex-wrap:wrap;\" ><div class=\"fusion-builder-row fusion-row\"><div class=\"fusion-layout-column fusion_builder_column fusion-builder-column-0 fusion_builder_column_1_1 1_1 fusion-one-full fusion-column-first fusion-column-last fusion-column-no-min-height\" style=\"--awb-bg-size:cover;--awb-margin-bottom:0px;\"><div class=\"fusion-column-wrapper fusion-flex-column-wrapper-legacy\"><div class=\"fusion-title title fusion-title-1 fusion-title-text fusion-title-size-one\" style=\"--awb-margin-top-small:10px;--awb-margin-right-small:0px;--awb-margin-bottom-small:10px;--awb-margin-left-small:0px;\"><h1 class=\"fusion-title-heading title-heading-left\" style=\"margin:0;\"><h2>L\u2019etica e la filosofia<\/h2><\/h1><span class=\"awb-title-spacer\"><\/span><div class=\"title-sep-container\"><div class=\"title-sep sep-single sep-solid\" style=\"border-color:#e0dede;\"><\/div><\/div><\/div><div class=\"fusion-builder-row fusion-builder-row-inner fusion-row\"><div class=\"fusion-layout-column fusion_builder_column_inner fusion-builder-nested-column-0 fusion_builder_column_inner_1_2 1_2 fusion-one-half fusion-column-first\" style=\"--awb-bg-size:cover;width:48%; margin-right: 4%;\"><div class=\"fusion-column-wrapper fusion-flex-column-wrapper-legacy\"><div class=\"fusion-text fusion-text-1\"><p style=\"text-align: justify;\">La Onyx &amp; Cie SA \u00e8 orgogliosa della sua totale indipendenza unita ad un\u2019etica rigorosa. In particolare, non \u00e8 collegata ad alcun organismo o istituto finanziario garantendo cos\u00ec alla propria clientela la pi\u00f9 totale oggettivit\u00e0 dei suoi pareri e consigli. Va da s\u00e9 che Onyx &amp; Cie SA aderisce alle pi\u00f9 rigorose regole di deontologia.<\/p>\n<p style=\"text-align: justify;\">Attraverso l\u2019attivit\u00e0 di family office, la societ\u00e0 intende servire il cliente al meglio dei suoi interessi, proteggendo il suo patrimonio e aumentando al tempo stesso il valore reale di quest&#8217;ultimo.<\/p>\n<p style=\"text-align: justify;\">\u00c8 per questo motivo che Onyx &amp; Cie SA garantisce un\u2019altissima qualit\u00e0 nella scelta delle banche depositarie e degli strumenti di piazzamento.<\/p>\n<p style=\"text-align: justify;\">La trasparenza del portafoglio e, soprattutto, una gestione personalizzata attraverso una politica di investimento creata \u201csu misura\u201d per ogni cliente, costituiscono il marchio di fabbrica della societ\u00e0.<\/p>\n<\/div><div class=\"fusion-clearfix\"><\/div><\/div><\/div><div class=\"fusion-layout-column fusion_builder_column_inner fusion-builder-nested-column-1 fusion_builder_column_inner_1_2 1_2 fusion-one-half fusion-column-last\" style=\"--awb-bg-size:cover;width:48%;\"><div class=\"fusion-column-wrapper fusion-flex-column-wrapper-legacy\"><div class=\"fusion-text fusion-text-2\"><p style=\"text-align: justify;\">La filosofia del family office \u00e8 moderna e tradizionale: moderna perch\u00e9 utilizziamo le pi\u00f9 recenti tecnologie digitali per reinventare la finanza e tradizionale perch\u00e9 rispettiamo i valori familiari come l&#8217;assistenza reciproca, l&#8217;<a href=\"https:\/\/www.onyx-cie.ch\/it\/business-development\/\">imprenditorialit\u00e0<\/a> e la <a href=\"https:\/\/www.onyx-cie.ch\/it\/altri-servizi\/\">leadership<\/a>.<\/p>\n<p style=\"text-align: justify;\">I nostri clienti sono sempre al centro delle nostre preoccupazioni e teniamo a condividere con loro i nostri valori per costruire insieme una relazione di lunga durata.<\/p>\n<p style=\"text-align: justify;\">Discrezione, disponibilit\u00e0 e performance sono i pilastri su cui posa la qualit\u00e0 del servizio che Onyx &amp; Cie SA si sforza di offrire ai propri clienti per meritarne la fiducia.<\/p>\n<p style=\"text-align: justify;\">Infine, Onyx &amp; Cie SA si \u00e8 sempre impegnata a non ricevere <a href=\"https:\/\/www.bger.ch\/files\/live\/sites\/bger\/files\/pdf\/fr\/6B_689_2016_2018_09_06_T_f_11_20_26.pdf\">retrocessioni<\/a> dalle banche depositarie e rifiuta qualsiasi indennizzo dai propri <a href=\"https:\/\/www.onyx-cie.ch\/it\/i-nostri-partner\/\">partner<\/a>. Questa filosofia garantisce all family office totale indipendenza e trasparenza nei confronti dei suoi clienti.<\/p>\n<\/div><div class=\"fusion-clearfix\"><\/div><\/div><\/div><\/div><div class=\"fusion-clearfix\"><\/div><\/div><\/div><div class=\"fusion-layout-column fusion_builder_column fusion-builder-column-1 fusion_builder_column_1_1 1_1 fusion-one-full fusion-column-first fusion-column-last fusion-column-no-min-height\" style=\"--awb-bg-size:cover;--awb-margin-bottom:0px;\"><div class=\"fusion-column-wrapper fusion-flex-column-wrapper-legacy\"><div class=\"fusion-sep-clear\"><\/div><div class=\"fusion-separator\" style=\"margin-left: auto;margin-right: auto;margin-bottom:47px;width:100%;max-width:47px;\"><div class=\"fusion-separator-border sep-single sep-solid\" style=\"--awb-height:20px;--awb-amount:20px;border-color:#e0dede;border-top-width:1px;\"><\/div><\/div><div class=\"fusion-sep-clear\"><\/div><div class=\"fusion-clearfix\"><\/div><\/div><\/div><div class=\"fusion-layout-column fusion_builder_column fusion-builder-column-2 fusion_builder_column_1_6 1_6 fusion-one-sixth fusion-column-first\" style=\"--awb-bg-size:cover;width:13.3333%; margin-right: 4%;\"><div class=\"fusion-column-wrapper fusion-flex-column-wrapper-legacy\"><div class=\"fusion-clearfix\"><\/div><\/div><\/div><div class=\"fusion-layout-column fusion_builder_column fusion-builder-column-3 fusion_builder_column_2_3 2_3 fusion-two-third\" style=\"--awb-bg-position:center center;--awb-bg-size:cover;width:65.3333%; margin-right: 4%;\"><div class=\"fusion-column-wrapper fusion-flex-column-wrapper-legacy\"><div class=\"fusion-image-element in-legacy-container\" style=\"--awb-caption-title-font-family:var(--h2_typography-font-family);--awb-caption-title-font-weight:var(--h2_typography-font-weight);--awb-caption-title-font-style:var(--h2_typography-font-style);--awb-caption-title-size:var(--h2_typography-font-size);--awb-caption-title-transform:var(--h2_typography-text-transform);--awb-caption-title-line-height:var(--h2_typography-line-height);--awb-caption-title-letter-spacing:var(--h2_typography-letter-spacing);\"><span class=\" fusion-imageframe imageframe-none imageframe-1 hover-type-none\"><img decoding=\"async\" width=\"500\" height=\"475\" src=\"https:\/\/www.onyx-cie.ch\/wp-content\/uploads\/2016\/04\/ETHIQUE-PHILO-GRAPH-FINAL-IT.jpg\" alt class=\"img-responsive wp-image-1331\" srcset=\"https:\/\/www.onyx-cie.ch\/wp-content\/uploads\/2016\/04\/ETHIQUE-PHILO-GRAPH-FINAL-IT-52x50.jpg 52w, https:\/\/www.onyx-cie.ch\/wp-content\/uploads\/2016\/04\/ETHIQUE-PHILO-GRAPH-FINAL-IT-300x285.jpg 300w, https:\/\/www.onyx-cie.ch\/wp-content\/uploads\/2016\/04\/ETHIQUE-PHILO-GRAPH-FINAL-IT.jpg 500w\" sizes=\"(max-width: 500px) 100vw, 500px\" \/><\/span><\/div><div class=\"fusion-clearfix\"><\/div><\/div><\/div><div class=\"fusion-layout-column fusion_builder_column fusion-builder-column-4 fusion_builder_column_1_6 1_6 fusion-one-sixth fusion-column-last\" style=\"--awb-bg-size:cover;width:13.3333%;\"><div class=\"fusion-column-wrapper fusion-flex-column-wrapper-legacy\"><div class=\"fusion-clearfix\"><\/div><\/div><\/div><div class=\"fusion-layout-column fusion_builder_column fusion-builder-column-5 fusion_builder_column_1_1 1_1 fusion-one-full fusion-column-first fusion-column-last fusion-column-no-min-height\" style=\"--awb-bg-size:cover;--awb-margin-bottom:0px;\"><div class=\"fusion-column-wrapper fusion-flex-column-wrapper-legacy\"><div class=\"fusion-reading-box-container reading-box-container-1\" style=\"--awb-title-color:#27318d;--awb-margin-top:0px;--awb-margin-bottom:84px;\"><div class=\"reading-box\" style=\"background-color:#f6f6f6;border-width:1px;border-color:#f6f6f6;border-top-width:3px;border-top-color:var(--primary_color);border-style:solid;\"><div class=\"reading-box-additional\">\n<h3 style=\"text-align: justify;\"><strong>\u201cLa Onyx &amp; Cie SA \u00e8 una societ\u00e0 unica, perch\u00e9 diretta dai componenti di una stessa famiglia da oltre 20 anni, il che ci permette di parlare la stessa lingua dei nostri clienti.\u201d<\/strong><\/h3>\n<\/div><div class=\"fusion-clearfix\"><\/div><\/div><\/div><div class=\"fusion-clearfix\"><\/div><\/div><\/div><\/div><\/div>\n","protected":false},"excerpt":{"rendered":"","protected":false},"author":1,"featured_media":0,"parent":0,"menu_order":0,"comment_status":"open","ping_status":"open","template":"","meta":{"footnotes":""},"class_list":["post-1273","page","type-page","status-publish","hentry"],"yoast_head":"<!-- This site is optimized with the Yoast SEO plugin v27.5 - https:\/\/yoast.com\/product\/yoast-seo-wordpress\/ -->\n<title>L\u2019etica e la filosofia - We are an independent family office<\/title>\n<meta name=\"description\" content=\"La filosofia del family office \u00e8 moderna, perch\u00e9 sfrutta le tecnologie pi\u00f9 recenti, e, al tempo stesso, tradizionale perch\u00e9 esalta i valori familiari.\" \/>\n<meta name=\"robots\" content=\"index, follow, max-snippet:-1, max-image-preview:large, max-video-preview:-1\" \/>\n<link rel=\"canonical\" href=\"https:\/\/www.onyx-cie.ch\/it\/lethique-et-la-philosophie\/\" \/>\n<meta property=\"og:locale\" content=\"it_IT\" \/>\n<meta property=\"og:type\" content=\"article\" \/>\n<meta property=\"og:title\" content=\"L\u2019etica e la filosofia - We are an independent family office\" \/>\n<meta property=\"og:description\" content=\"La filosofia del family office \u00e8 moderna, perch\u00e9 sfrutta le tecnologie pi\u00f9 recenti, e, al tempo stesso, tradizionale perch\u00e9 esalta i valori familiari.\" \/>\n<meta property=\"og:url\" content=\"https:\/\/www.onyx-cie.ch\/it\/lethique-et-la-philosophie\/\" \/>\n<meta property=\"og:site_name\" content=\"We are an independent family office\" \/>\n<meta property=\"article:publisher\" content=\"https:\/\/www.facebook.com\/onyxcie\" \/>\n<meta property=\"article:modified_time\" content=\"2020-03-19T09:06:53+00:00\" \/>\n<meta property=\"og:image\" content=\"https:\/\/www.onyx-cie.ch\/wp-content\/uploads\/2016\/04\/ETHIQUE-PHILO-GRAPH-FINAL-IT.jpg\" \/>\n<meta name=\"twitter:card\" content=\"summary_large_image\" \/>\n<meta name=\"twitter:site\" content=\"@onyx_cie\" \/>\n<meta name=\"twitter:label1\" content=\"Tempo di lettura stimato\" \/>\n\t<meta name=\"twitter:data1\" content=\"6 minuti\" \/>\n<script type=\"application\/ld+json\" class=\"yoast-schema-graph\">{\"@context\":\"https:\\\/\\\/schema.org\",\"@graph\":[{\"@type\":\"WebPage\",\"@id\":\"https:\\\/\\\/www.onyx-cie.ch\\\/it\\\/lethique-et-la-philosophie\\\/\",\"url\":\"https:\\\/\\\/www.onyx-cie.ch\\\/it\\\/lethique-et-la-philosophie\\\/\",\"name\":\"L\u2019etica e la filosofia - We are an independent family office\",\"isPartOf\":{\"@id\":\"https:\\\/\\\/www.onyx-cie.ch\\\/#website\"},\"primaryImageOfPage\":{\"@id\":\"https:\\\/\\\/www.onyx-cie.ch\\\/it\\\/lethique-et-la-philosophie\\\/#primaryimage\"},\"image\":{\"@id\":\"https:\\\/\\\/www.onyx-cie.ch\\\/it\\\/lethique-et-la-philosophie\\\/#primaryimage\"},\"thumbnailUrl\":\"https:\\\/\\\/www.onyx-cie.ch\\\/wp-content\\\/uploads\\\/2016\\\/04\\\/ETHIQUE-PHILO-GRAPH-FINAL-IT.jpg\",\"datePublished\":\"2016-04-05T14:34:00+00:00\",\"dateModified\":\"2020-03-19T09:06:53+00:00\",\"description\":\"La filosofia del family office \u00e8 moderna, perch\u00e9 sfrutta le tecnologie pi\u00f9 recenti, e, al tempo stesso, tradizionale perch\u00e9 esalta i valori familiari.\",\"breadcrumb\":{\"@id\":\"https:\\\/\\\/www.onyx-cie.ch\\\/it\\\/lethique-et-la-philosophie\\\/#breadcrumb\"},\"inLanguage\":\"it-IT\",\"potentialAction\":[{\"@type\":\"ReadAction\",\"target\":[\"https:\\\/\\\/www.onyx-cie.ch\\\/it\\\/lethique-et-la-philosophie\\\/\"]}]},{\"@type\":\"ImageObject\",\"inLanguage\":\"it-IT\",\"@id\":\"https:\\\/\\\/www.onyx-cie.ch\\\/it\\\/lethique-et-la-philosophie\\\/#primaryimage\",\"url\":\"https:\\\/\\\/www.onyx-cie.ch\\\/wp-content\\\/uploads\\\/2016\\\/04\\\/ETHIQUE-PHILO-GRAPH-FINAL-IT.jpg\",\"contentUrl\":\"https:\\\/\\\/www.onyx-cie.ch\\\/wp-content\\\/uploads\\\/2016\\\/04\\\/ETHIQUE-PHILO-GRAPH-FINAL-IT.jpg\"},{\"@type\":\"BreadcrumbList\",\"@id\":\"https:\\\/\\\/www.onyx-cie.ch\\\/it\\\/lethique-et-la-philosophie\\\/#breadcrumb\",\"itemListElement\":[{\"@type\":\"ListItem\",\"position\":1,\"name\":\"Accueil\",\"item\":\"https:\\\/\\\/www.onyx-cie.ch\\\/it\\\/\"},{\"@type\":\"ListItem\",\"position\":2,\"name\":\"L\u2019etica e la filosofia\"}]},{\"@type\":\"WebSite\",\"@id\":\"https:\\\/\\\/www.onyx-cie.ch\\\/#website\",\"url\":\"https:\\\/\\\/www.onyx-cie.ch\\\/\",\"name\":\"We are an independent family office\",\"description\":\"We have a presence in Europe, Asia and Oceania.\",\"potentialAction\":[{\"@type\":\"SearchAction\",\"target\":{\"@type\":\"EntryPoint\",\"urlTemplate\":\"https:\\\/\\\/www.onyx-cie.ch\\\/?s={search_term_string}\"},\"query-input\":{\"@type\":\"PropertyValueSpecification\",\"valueRequired\":true,\"valueName\":\"search_term_string\"}}],\"inLanguage\":\"it-IT\"}]}<\/script>\n<!-- \/ Yoast SEO plugin. -->","yoast_head_json":{"title":"L\u2019etica e la filosofia - We are an independent family office","description":"La filosofia del family office \u00e8 moderna, perch\u00e9 sfrutta le tecnologie pi\u00f9 recenti, e, al tempo stesso, tradizionale perch\u00e9 esalta i valori familiari.","robots":{"index":"index","follow":"follow","max-snippet":"max-snippet:-1","max-image-preview":"max-image-preview:large","max-video-preview":"max-video-preview:-1"},"canonical":"https:\/\/www.onyx-cie.ch\/it\/lethique-et-la-philosophie\/","og_locale":"it_IT","og_type":"article","og_title":"L\u2019etica e la filosofia - We are an independent family office","og_description":"La filosofia del family office \u00e8 moderna, perch\u00e9 sfrutta le tecnologie pi\u00f9 recenti, e, al tempo stesso, tradizionale perch\u00e9 esalta i valori familiari.","og_url":"https:\/\/www.onyx-cie.ch\/it\/lethique-et-la-philosophie\/","og_site_name":"We are an independent family office","article_publisher":"https:\/\/www.facebook.com\/onyxcie","article_modified_time":"2020-03-19T09:06:53+00:00","og_image":[{"url":"https:\/\/www.onyx-cie.ch\/wp-content\/uploads\/2016\/04\/ETHIQUE-PHILO-GRAPH-FINAL-IT.jpg","type":"","width":"","height":""}],"twitter_card":"summary_large_image","twitter_site":"@onyx_cie","twitter_misc":{"Tempo di lettura stimato":"6 minuti"},"schema":{"@context":"https:\/\/schema.org","@graph":[{"@type":"WebPage","@id":"https:\/\/www.onyx-cie.ch\/it\/lethique-et-la-philosophie\/","url":"https:\/\/www.onyx-cie.ch\/it\/lethique-et-la-philosophie\/","name":"L\u2019etica e la filosofia - We are an independent family office","isPartOf":{"@id":"https:\/\/www.onyx-cie.ch\/#website"},"primaryImageOfPage":{"@id":"https:\/\/www.onyx-cie.ch\/it\/lethique-et-la-philosophie\/#primaryimage"},"image":{"@id":"https:\/\/www.onyx-cie.ch\/it\/lethique-et-la-philosophie\/#primaryimage"},"thumbnailUrl":"https:\/\/www.onyx-cie.ch\/wp-content\/uploads\/2016\/04\/ETHIQUE-PHILO-GRAPH-FINAL-IT.jpg","datePublished":"2016-04-05T14:34:00+00:00","dateModified":"2020-03-19T09:06:53+00:00","description":"La filosofia del family office \u00e8 moderna, perch\u00e9 sfrutta le tecnologie pi\u00f9 recenti, e, al tempo stesso, tradizionale perch\u00e9 esalta i valori familiari.","breadcrumb":{"@id":"https:\/\/www.onyx-cie.ch\/it\/lethique-et-la-philosophie\/#breadcrumb"},"inLanguage":"it-IT","potentialAction":[{"@type":"ReadAction","target":["https:\/\/www.onyx-cie.ch\/it\/lethique-et-la-philosophie\/"]}]},{"@type":"ImageObject","inLanguage":"it-IT","@id":"https:\/\/www.onyx-cie.ch\/it\/lethique-et-la-philosophie\/#primaryimage","url":"https:\/\/www.onyx-cie.ch\/wp-content\/uploads\/2016\/04\/ETHIQUE-PHILO-GRAPH-FINAL-IT.jpg","contentUrl":"https:\/\/www.onyx-cie.ch\/wp-content\/uploads\/2016\/04\/ETHIQUE-PHILO-GRAPH-FINAL-IT.jpg"},{"@type":"BreadcrumbList","@id":"https:\/\/www.onyx-cie.ch\/it\/lethique-et-la-philosophie\/#breadcrumb","itemListElement":[{"@type":"ListItem","position":1,"name":"Accueil","item":"https:\/\/www.onyx-cie.ch\/it\/"},{"@type":"ListItem","position":2,"name":"L\u2019etica e la filosofia"}]},{"@type":"WebSite","@id":"https:\/\/www.onyx-cie.ch\/#website","url":"https:\/\/www.onyx-cie.ch\/","name":"We are an independent family office","description":"We have a presence in Europe, Asia and Oceania.","potentialAction":[{"@type":"SearchAction","target":{"@type":"EntryPoint","urlTemplate":"https:\/\/www.onyx-cie.ch\/?s={search_term_string}"},"query-input":{"@type":"PropertyValueSpecification","valueRequired":true,"valueName":"search_term_string"}}],"inLanguage":"it-IT"}]}},"_links":{"self":[{"href":"https:\/\/www.onyx-cie.ch\/it\/wp-json\/wp\/v2\/pages\/1273","targetHints":{"allow":["GET"]}}],"collection":[{"href":"https:\/\/www.onyx-cie.ch\/it\/wp-json\/wp\/v2\/pages"}],"about":[{"href":"https:\/\/www.onyx-cie.ch\/it\/wp-json\/wp\/v2\/types\/page"}],"author":[{"embeddable":true,"href":"https:\/\/www.onyx-cie.ch\/it\/wp-json\/wp\/v2\/users\/1"}],"replies":[{"embeddable":true,"href":"https:\/\/www.onyx-cie.ch\/it\/wp-json\/wp\/v2\/comments?post=1273"}],"version-history":[{"count":23,"href":"https:\/\/www.onyx-cie.ch\/it\/wp-json\/wp\/v2\/pages\/1273\/revisions"}],"predecessor-version":[{"id":3700,"href":"https:\/\/www.onyx-cie.ch\/it\/wp-json\/wp\/v2\/pages\/1273\/revisions\/3700"}],"wp:attachment":[{"href":"https:\/\/www.onyx-cie.ch\/it\/wp-json\/wp\/v2\/media?parent=1273"}],"curies":[{"name":"wp","href":"https:\/\/api.w.org\/{rel}","templated":true}]}}