{"id":1262,"date":"2016-04-07T15:40:54","date_gmt":"2016-04-07T14:40:54","guid":{"rendered":"https:\/\/dev.onyx-cie.ch\/dev?page_id=1262"},"modified":"2020-03-19T09:56:47","modified_gmt":"2020-03-19T08:56:47","slug":"family-office","status":"publish","type":"page","link":"https:\/\/www.onyx-cie.ch\/it\/","title":{"rendered":"FAMILY OFFICE"},"content":{"rendered":"<div class=\"fusion-fullwidth fullwidth-box fusion-builder-row-1 nonhundred-percent-fullwidth non-hundred-percent-height-scrolling\" style=\"--awb-background-position:left top;--awb-border-radius-top-left:0px;--awb-border-radius-top-right:0px;--awb-border-radius-bottom-right:0px;--awb-border-radius-bottom-left:0px;--awb-padding-top:20px;--awb-padding-bottom:20px;--awb-border-sizes-top:0px;--awb-border-sizes-bottom:0px;--awb-flex-wrap:wrap;\" ><div class=\"fusion-builder-row fusion-row\"><div class=\"fusion-layout-column fusion_builder_column fusion-builder-column-0 fusion_builder_column_1_1 1_1 fusion-one-full fusion-column-first fusion-column-last fusion-column-no-min-height\" style=\"--awb-bg-size:cover;--awb-margin-bottom:0px;\"><div class=\"fusion-column-wrapper fusion-flex-column-wrapper-legacy\"><div class=\"fusion-text fusion-text-1\"><h1 style=\"text-align: center;\">Because life&#8217;s complicated enough.<\/h1>\n<p>Onyx &amp; Cie SA \u00e8 un multi-family office internazionale con sede a Ginevra in Svizzera. La societ\u00e0 fa parte del <a href=\"https:\/\/www.onyx-cie.ch\/it\/il-gruppo\/\">gruppo<\/a> CROCE &amp; Associ\u00e9s e comprende:<\/p>\n<p>\u2022\u00a0uno <a href=\"https:\/\/croce-associes.ch\/it\/\">studio legale<\/a> con uffici a Ginevra, Londra, Singapore e Shanghai,<br \/>\n\u2022\u00a0una societ\u00e0 di gestione patrimoniale, e<br \/>\n\u2022\u00a0una <a href=\"http:\/\/www.croce-associes.co.nz\/?lang=it\">trust company<\/a> con sede in Nuova Zelanda.<\/p>\n<p>La societ\u00e0 appartiene interamente ad una stessa famiglia svizzera di avvocati e da oltre 25 anni offre alle famiglie facoltose un servizio su misura, basato sulla trasparenza e specifico per le loro esigenze.<\/p>\n<p>La nostra prima vocazione \u00e8 l&#8217;amministrazione e la gestione del patrimonio familiare, ma il nostro family office ha un obiettivo pi\u00f9 ampio volto a semplificare la vita quotidiana. Siamo impegnati a proporvi costantemente dei servizi diversificati perch\u00e9 possiate dedicarvi a ci\u00f2 che \u00e8 essenziale: voi e la vostra famiglia. Il nostro intento \u00e8 costruire con voi un rapporto di fiducia solido e duraturo.<\/p>\n<h2><span style=\"color: #000080;\">Servizi del family office<\/span><\/h2>\n<p>Il nostro family office \u00e8 indipendente e mette a vostra disposizione sofisticati <a href=\"https:\/\/croce-associes.ch\/it\/\">servizi legali<\/a> e contabili, oltre alla <a href=\"https:\/\/www.onyx-cie.ch\/it\/gestion-de-fortune\/\">gestione patrimoniale e alla consulenza in materia di investimenti<\/a>. Disponiamo inoltre di strutture di <a href=\"http:\/\/www.croce-associes.co.nz\/?lang=it\">pianificazione patrimoniale e successoria<\/a> (trust, holding, ecc.).<\/p>\n<p>Per rispondere a tutte le problematiche familiari disponiamo anche di un team dedicato ai <a href=\"https:\/\/www.onyx-cie.ch\/it\/supporto-nella-gestione-corrente\/\">servizi di segreteria e amministrazione<\/a> (immobili, yacht e aerei) e di <a href=\"https:\/\/www.onyx-cie.ch\/it\/altri-servizi\/\">filantropia<\/a>.<\/p>\n<p>I nostri uffici di Ginevra si avvalgono inoltre di una rete di <a href=\"https:\/\/www.onyx-cie.ch\/it\/i-nostri-partner\/\">partner<\/a> internazionali scelti per la loro eccellenza.<\/p>\n<p>Il family office \u00e8 membro dell\u2019<a href=\"https:\/\/www.vsv-asg.ch\/it\/home\">Association Suisse des G\u00e9rants de Fortune (ASG)<\/a> e aderisce agli standard pi\u00f9 elevati di gestione patrimoniale e consulenza in materia di investimenti. Inoltre siamo pronti da diversi anni ad implementare le novit\u00e0 legislative che saranno introdotte nel 2020 (<a href=\"https:\/\/www.admin.ch\/opc\/it\/classified-compilation\/20152662\/index.html\">LIsFi<\/a> e <a href=\"https:\/\/www.admin.ch\/opc\/it\/classified-compilation\/20152661\/index.html\">LSerFi<\/a>).<\/p>\n<\/div><div class=\"fusion-clearfix\"><\/div><\/div><\/div><\/div><\/div>\n","protected":false},"excerpt":{"rendered":"","protected":false},"author":1,"featured_media":0,"parent":0,"menu_order":0,"comment_status":"open","ping_status":"open","template":"100-width.php","meta":{"footnotes":""},"class_list":["post-1262","page","type-page","status-publish","hentry"],"yoast_head":"<!-- This site is optimized with the Yoast SEO plugin v27.4 - https:\/\/yoast.com\/product\/yoast-seo-wordpress\/ -->\n<title>FAMILY OFFICE - We are an independent family office<\/title>\n<meta name=\"description\" content=\"Il nostro family office ha sede a Ginevra. Servizi legali, gestione patrimoniale, servizi di segreteria, pianificazione patrimoniale e filantropia.\" \/>\n<meta name=\"robots\" content=\"index, follow, max-snippet:-1, max-image-preview:large, max-video-preview:-1\" \/>\n<link rel=\"canonical\" href=\"https:\/\/www.onyx-cie.ch\/it\/\" \/>\n<meta property=\"og:locale\" content=\"it_IT\" \/>\n<meta property=\"og:type\" content=\"article\" \/>\n<meta property=\"og:title\" content=\"FAMILY OFFICE - We are an independent family office\" \/>\n<meta property=\"og:description\" content=\"Il nostro family office ha sede a Ginevra. Servizi legali, gestione patrimoniale, servizi di segreteria, pianificazione patrimoniale e filantropia.\" \/>\n<meta property=\"og:url\" content=\"https:\/\/www.onyx-cie.ch\/it\/\" \/>\n<meta property=\"og:site_name\" content=\"We are an independent family office\" \/>\n<meta property=\"article:publisher\" content=\"https:\/\/www.facebook.com\/onyxcie\" \/>\n<meta property=\"article:modified_time\" content=\"2020-03-19T08:56:47+00:00\" \/>\n<meta name=\"twitter:card\" content=\"summary_large_image\" \/>\n<meta name=\"twitter:site\" content=\"@onyx_cie\" \/>\n<meta name=\"twitter:label1\" content=\"Tempo di lettura stimato\" \/>\n\t<meta name=\"twitter:data1\" content=\"2 minuti\" \/>\n<script type=\"application\/ld+json\" class=\"yoast-schema-graph\">{\"@context\":\"https:\\\/\\\/schema.org\",\"@graph\":[{\"@type\":\"WebPage\",\"@id\":\"https:\\\/\\\/www.onyx-cie.ch\\\/it\\\/\",\"url\":\"https:\\\/\\\/www.onyx-cie.ch\\\/it\\\/\",\"name\":\"FAMILY OFFICE - We are an independent family office\",\"isPartOf\":{\"@id\":\"https:\\\/\\\/www.onyx-cie.ch\\\/#website\"},\"datePublished\":\"2016-04-07T14:40:54+00:00\",\"dateModified\":\"2020-03-19T08:56:47+00:00\",\"description\":\"Il nostro family office ha sede a Ginevra. Servizi legali, gestione patrimoniale, servizi di segreteria, pianificazione patrimoniale e filantropia.\",\"breadcrumb\":{\"@id\":\"https:\\\/\\\/www.onyx-cie.ch\\\/it\\\/#breadcrumb\"},\"inLanguage\":\"it-IT\",\"potentialAction\":[{\"@type\":\"ReadAction\",\"target\":[\"https:\\\/\\\/www.onyx-cie.ch\\\/it\\\/\"]}]},{\"@type\":\"BreadcrumbList\",\"@id\":\"https:\\\/\\\/www.onyx-cie.ch\\\/it\\\/#breadcrumb\",\"itemListElement\":[{\"@type\":\"ListItem\",\"position\":1,\"name\":\"Accueil\",\"item\":\"https:\\\/\\\/www.onyx-cie.ch\\\/it\\\/\"},{\"@type\":\"ListItem\",\"position\":2,\"name\":\"FAMILY OFFICE\"}]},{\"@type\":\"WebSite\",\"@id\":\"https:\\\/\\\/www.onyx-cie.ch\\\/#website\",\"url\":\"https:\\\/\\\/www.onyx-cie.ch\\\/\",\"name\":\"We are an independent family office\",\"description\":\"We have a presence in Europe, Asia and Oceania.\",\"potentialAction\":[{\"@type\":\"SearchAction\",\"target\":{\"@type\":\"EntryPoint\",\"urlTemplate\":\"https:\\\/\\\/www.onyx-cie.ch\\\/?s={search_term_string}\"},\"query-input\":{\"@type\":\"PropertyValueSpecification\",\"valueRequired\":true,\"valueName\":\"search_term_string\"}}],\"inLanguage\":\"it-IT\"}]}<\/script>\n<!-- \/ Yoast SEO plugin. -->","yoast_head_json":{"title":"FAMILY OFFICE - We are an independent family office","description":"Il nostro family office ha sede a Ginevra. Servizi legali, gestione patrimoniale, servizi di segreteria, pianificazione patrimoniale e filantropia.","robots":{"index":"index","follow":"follow","max-snippet":"max-snippet:-1","max-image-preview":"max-image-preview:large","max-video-preview":"max-video-preview:-1"},"canonical":"https:\/\/www.onyx-cie.ch\/it\/","og_locale":"it_IT","og_type":"article","og_title":"FAMILY OFFICE - We are an independent family office","og_description":"Il nostro family office ha sede a Ginevra. Servizi legali, gestione patrimoniale, servizi di segreteria, pianificazione patrimoniale e filantropia.","og_url":"https:\/\/www.onyx-cie.ch\/it\/","og_site_name":"We are an independent family office","article_publisher":"https:\/\/www.facebook.com\/onyxcie","article_modified_time":"2020-03-19T08:56:47+00:00","twitter_card":"summary_large_image","twitter_site":"@onyx_cie","twitter_misc":{"Tempo di lettura stimato":"2 minuti"},"schema":{"@context":"https:\/\/schema.org","@graph":[{"@type":"WebPage","@id":"https:\/\/www.onyx-cie.ch\/it\/","url":"https:\/\/www.onyx-cie.ch\/it\/","name":"FAMILY OFFICE - We are an independent family office","isPartOf":{"@id":"https:\/\/www.onyx-cie.ch\/#website"},"datePublished":"2016-04-07T14:40:54+00:00","dateModified":"2020-03-19T08:56:47+00:00","description":"Il nostro family office ha sede a Ginevra. Servizi legali, gestione patrimoniale, servizi di segreteria, pianificazione patrimoniale e filantropia.","breadcrumb":{"@id":"https:\/\/www.onyx-cie.ch\/it\/#breadcrumb"},"inLanguage":"it-IT","potentialAction":[{"@type":"ReadAction","target":["https:\/\/www.onyx-cie.ch\/it\/"]}]},{"@type":"BreadcrumbList","@id":"https:\/\/www.onyx-cie.ch\/it\/#breadcrumb","itemListElement":[{"@type":"ListItem","position":1,"name":"Accueil","item":"https:\/\/www.onyx-cie.ch\/it\/"},{"@type":"ListItem","position":2,"name":"FAMILY OFFICE"}]},{"@type":"WebSite","@id":"https:\/\/www.onyx-cie.ch\/#website","url":"https:\/\/www.onyx-cie.ch\/","name":"We are an independent family office","description":"We have a presence in Europe, Asia and Oceania.","potentialAction":[{"@type":"SearchAction","target":{"@type":"EntryPoint","urlTemplate":"https:\/\/www.onyx-cie.ch\/?s={search_term_string}"},"query-input":{"@type":"PropertyValueSpecification","valueRequired":true,"valueName":"search_term_string"}}],"inLanguage":"it-IT"}]}},"_links":{"self":[{"href":"https:\/\/www.onyx-cie.ch\/it\/wp-json\/wp\/v2\/pages\/1262","targetHints":{"allow":["GET"]}}],"collection":[{"href":"https:\/\/www.onyx-cie.ch\/it\/wp-json\/wp\/v2\/pages"}],"about":[{"href":"https:\/\/www.onyx-cie.ch\/it\/wp-json\/wp\/v2\/types\/page"}],"author":[{"embeddable":true,"href":"https:\/\/www.onyx-cie.ch\/it\/wp-json\/wp\/v2\/users\/1"}],"replies":[{"embeddable":true,"href":"https:\/\/www.onyx-cie.ch\/it\/wp-json\/wp\/v2\/comments?post=1262"}],"version-history":[{"count":9,"href":"https:\/\/www.onyx-cie.ch\/it\/wp-json\/wp\/v2\/pages\/1262\/revisions"}],"predecessor-version":[{"id":3506,"href":"https:\/\/www.onyx-cie.ch\/it\/wp-json\/wp\/v2\/pages\/1262\/revisions\/3506"}],"wp:attachment":[{"href":"https:\/\/www.onyx-cie.ch\/it\/wp-json\/wp\/v2\/media?parent=1262"}],"curies":[{"name":"wp","href":"https:\/\/api.w.org\/{rel}","templated":true}]}}