{"id":1259,"date":"2016-04-06T10:28:09","date_gmt":"2016-04-06T09:28:09","guid":{"rendered":"https:\/\/dev.onyx-cie.ch\/dev?page_id=1259"},"modified":"2019-01-07T16:58:04","modified_gmt":"2019-01-07T15:58:04","slug":"news","status":"publish","type":"page","link":"https:\/\/www.onyx-cie.ch\/en\/news\/","title":{"rendered":"News"},"content":{"rendered":"<div class=\"fusion-fullwidth fullwidth-box fusion-builder-row-1 hundred-percent-fullwidth non-hundred-percent-height-scrolling\" style=\"--awb-border-radius-top-left:0px;--awb-border-radius-top-right:0px;--awb-border-radius-bottom-right:0px;--awb-border-radius-bottom-left:0px;--awb-overflow:visible;--awb-flex-wrap:wrap;\" ><div class=\"fusion-builder-row fusion-row\"><div class=\"fusion-layout-column fusion_builder_column fusion-builder-column-0 fusion_builder_column_1_1 1_1 fusion-one-full fusion-column-first fusion-column-last fusion-column-no-min-height\" style=\"--awb-bg-size:cover;--awb-margin-bottom:0px;\"><div class=\"fusion-column-wrapper fusion-flex-column-wrapper-legacy\"><div class=\"fusion-blog-shortcode fusion-blog-shortcode-1 fusion-blog-archive fusion-blog-layout-grid-wrapper fusion-blog-pagination\"><style type=\"text\/css\">.fusion-blog-shortcode-1 .fusion-blog-layout-grid .fusion-post-grid{padding:20px;}.fusion-blog-shortcode-1 .fusion-posts-container{margin-left: -20px !important; margin-right:-20px !important;}<\/style><div class=\"fusion-posts-container fusion-posts-container-pagination fusion-blog-rollover fusion-blog-layout-grid fusion-blog-layout-grid-2 isotope\" data-pages=\"9\" data-grid-col-space=\"40\" style=\"margin: -20px -20px 0;min-height:500px;\"><article id=\"blog-1-post-5071\" class=\"fusion-post-grid post-5071 post type-post status-publish format-standard has-post-thumbnail hentry category-reglementation-bancaire-en-2 tag-bank-account tag-banks tag-fraud tag-fraudster tag-fraudulent-banking-orders tag-hacker-en tag-switzerland-en-2\">\n<div class=\"fusion-post-wrapper\" style=\"background-color:rgba(255,255,255,0);border:1px solid #ebeaea;border-bottom-width:3px;\">\n\n\t\t\t<div class=\"fusion-flexslider flexslider fusion-flexslider-loading fusion-post-slideshow\" style=\"border-color:#ebeaea;\">\n\t\t<ul class=\"slides\">\n\t\t\t\n\t\t\t\t\t\t\t\t\t\t\t\t\t\t<li><div  class=\"fusion-image-wrapper\" aria-haspopup=\"true\">\n\t\t\t\t<img decoding=\"async\" width=\"2560\" height=\"1538\" src=\"https:\/\/www.onyx-cie.ch\/wp-content\/uploads\/2025\/03\/Ordres-bancaires-frauduleux-suisse-scaled.jpg\" class=\"attachment-full size-full wp-post-image\" alt=\"The bank executed fraudulent orders without performing a callback with the client.\" srcset=\"https:\/\/www.onyx-cie.ch\/wp-content\/uploads\/2025\/03\/Ordres-bancaires-frauduleux-suisse-200x120.jpg 200w, https:\/\/www.onyx-cie.ch\/wp-content\/uploads\/2025\/03\/Ordres-bancaires-frauduleux-suisse-400x240.jpg 400w, https:\/\/www.onyx-cie.ch\/wp-content\/uploads\/2025\/03\/Ordres-bancaires-frauduleux-suisse-600x360.jpg 600w, https:\/\/www.onyx-cie.ch\/wp-content\/uploads\/2025\/03\/Ordres-bancaires-frauduleux-suisse-800x481.jpg 800w, https:\/\/www.onyx-cie.ch\/wp-content\/uploads\/2025\/03\/Ordres-bancaires-frauduleux-suisse-1200x721.jpg 1200w, https:\/\/www.onyx-cie.ch\/wp-content\/uploads\/2025\/03\/Ordres-bancaires-frauduleux-suisse-scaled.jpg 2560w\" sizes=\"(min-width: 2200px) 100vw, (min-width: 712px) 530px, (min-width: 640px) 712px, \" \/><div class=\"fusion-rollover\">\n\t<div class=\"fusion-rollover-content\">\n\n\t\t\t\t\n\t\t\n\t\t\t\t\t\t\t\t\n\t\t\t\t\t\t\t\t\n\t\t\n\t\t\t\t\t\t<a class=\"fusion-link-wrapper\" href=\"https:\/\/www.onyx-cie.ch\/en\/fraudulent-banking-orders-switzerland\/\" aria-label=\"Fraudulent banking orders: Recent case law from the Swiss Federal Supreme Court\"><\/a>\n\t<\/div>\n<\/div>\n<\/div>\n<\/li>\n\t\t\t\n\t\t\t\n\t\t\t\t\t\t\t\t\t\t\t\t\t\t\t\t\t\t\t\t\t\t\t\t\t\t\t\t\t\t\t\t\t\t\t\t\t\t\t\t\t\t\t\t\t\t\t\t\t\t\t\t\t\t\t\t\t\t\t\t\t\t\t\t\t\t\t\t<\/ul>\n\t<\/div>\n\t<div class=\"fusion-post-content-wrapper\" style=\"padding:30px 25px 20px 25px;\"><div class=\"fusion-post-content post-content\"><h2 class=\"blog-shortcode-post-title\"><a href=\"https:\/\/www.onyx-cie.ch\/en\/fraudulent-banking-orders-switzerland\/\">Fraudulent banking orders: Recent case law from the Swiss Federal Supreme Court<\/a><\/h2><p class=\"fusion-single-line-meta\">By <span><a href=\"https:\/\/www.onyx-cie.ch\/en\/author\/onyx\/\" title=\"Posts by onyx\" rel=\"author\">onyx<\/a><\/span><span class=\"fusion-inline-sep\">|<\/span><span>March 22nd, 2025<\/span><span class=\"fusion-inline-sep\">|<\/span><\/p><div class=\"fusion-content-sep sep-double sep-solid\"><\/div><div class=\"fusion-post-content-container\"><p> Fraudulent banking orders: Recent case law from the Swiss Federal Supreme Court A) Judicial approach to fraudulent banking orders In its landmark decision of December 10, 2019 (ATF 146 III 121), the Swiss Federal<\/p><\/div><\/div><div class=\"fusion-meta-info\"><div class=\"fusion-alignleft\"><a class=\"fusion-read-more\" href=\"https:\/\/www.onyx-cie.ch\/en\/fraudulent-banking-orders-switzerland\/\" aria-label=\"More on Fraudulent banking orders: Recent case law from the Swiss Federal Supreme Court\">Read More<\/a><\/div><div class=\"fusion-alignright\"><span>Comments Off<span class=\"screen-reader-text\"> on Fraudulent banking orders: Recent case law from the Swiss Federal Supreme Court<\/span><\/span><\/div><\/div><\/div><div class=\"fusion-clearfix\"><\/div><\/div>\n<\/article>\n<article id=\"blog-1-post-5013\" class=\"fusion-post-grid post-5013 post type-post status-publish format-standard has-post-thumbnail hentry category-fiscalite-en-2 tag-dubai-en tag-emirats-arabes-unis-en tag-entreprises-en-2 tag-fiscalite-en-2 tag-free-zones-en tag-imposition-en-2 tag-impots-en-2 tag-ocde-en-2 tag-residence-en-2 tag-societes-en-2 tag-taxation-en-2 tag-taxes-en-2\">\n<div class=\"fusion-post-wrapper\" style=\"background-color:rgba(255,255,255,0);border:1px solid #ebeaea;border-bottom-width:3px;\">\n\n\t\t\t<div class=\"fusion-flexslider flexslider fusion-flexslider-loading fusion-post-slideshow\" style=\"border-color:#ebeaea;\">\n\t\t<ul class=\"slides\">\n\t\t\t\n\t\t\t\t\t\t\t\t\t\t\t\t\t\t<li><div  class=\"fusion-image-wrapper\" aria-haspopup=\"true\">\n\t\t\t\t<img decoding=\"async\" width=\"2560\" height=\"1542\" src=\"https:\/\/www.onyx-cie.ch\/wp-content\/uploads\/2022\/12\/Emirats-arabes-unis-Dubai-scaled.jpg\" class=\"attachment-full size-full wp-post-image\" alt=\"Les\" srcset=\"https:\/\/www.onyx-cie.ch\/wp-content\/uploads\/2022\/12\/Emirats-arabes-unis-Dubai-200x120.jpg 200w, https:\/\/www.onyx-cie.ch\/wp-content\/uploads\/2022\/12\/Emirats-arabes-unis-Dubai-400x241.jpg 400w, https:\/\/www.onyx-cie.ch\/wp-content\/uploads\/2022\/12\/Emirats-arabes-unis-Dubai-600x361.jpg 600w, https:\/\/www.onyx-cie.ch\/wp-content\/uploads\/2022\/12\/Emirats-arabes-unis-Dubai-800x482.jpg 800w, https:\/\/www.onyx-cie.ch\/wp-content\/uploads\/2022\/12\/Emirats-arabes-unis-Dubai-1200x723.jpg 1200w, https:\/\/www.onyx-cie.ch\/wp-content\/uploads\/2022\/12\/Emirats-arabes-unis-Dubai-scaled.jpg 2560w\" sizes=\"(min-width: 2200px) 100vw, (min-width: 712px) 530px, (min-width: 640px) 712px, \" \/><div class=\"fusion-rollover\">\n\t<div class=\"fusion-rollover-content\">\n\n\t\t\t\t\n\t\t\n\t\t\t\t\t\t\t\t\n\t\t\t\t\t\t\t\t\n\t\t\n\t\t\t\t\t\t<a class=\"fusion-link-wrapper\" href=\"https:\/\/www.onyx-cie.ch\/en\/emirats-arabes-unis-imposition\/\" aria-label=\"Les nouvelles r\u00e8gles en mati\u00e8re de fiscalit\u00e9 aux \u00c9mirats arabes unis (2023)\"><\/a>\n\t<\/div>\n<\/div>\n<\/div>\n<\/li>\n\t\t\t\n\t\t\t\n\t\t\t\t\t\t\t\t\t\t\t\t\t\t\t\t\t\t\t\t\t\t\t\t\t\t\t\t\t\t\t\t\t\t\t\t\t\t\t\t\t\t\t\t\t\t\t\t\t\t\t\t\t\t\t\t\t\t\t\t\t\t\t\t\t\t\t\t<\/ul>\n\t<\/div>\n\t<div class=\"fusion-post-content-wrapper\" style=\"padding:30px 25px 20px 25px;\"><div class=\"fusion-post-content post-content\"><h2 class=\"blog-shortcode-post-title\"><a href=\"https:\/\/www.onyx-cie.ch\/en\/emirats-arabes-unis-imposition\/\">Les nouvelles r\u00e8gles en mati\u00e8re de fiscalit\u00e9 aux \u00c9mirats arabes unis (2023)<\/a><\/h2><p class=\"fusion-single-line-meta\">By <span><a href=\"https:\/\/www.onyx-cie.ch\/en\/author\/onyx\/\" title=\"Posts by onyx\" rel=\"author\">onyx<\/a><\/span><span class=\"fusion-inline-sep\">|<\/span><span>December 26th, 2022<\/span><span class=\"fusion-inline-sep\">|<\/span><\/p><div class=\"fusion-content-sep sep-double sep-solid\"><\/div><div class=\"fusion-post-content-container\"><p> Les nouvelles r\u00e8gles en mati\u00e8re de fiscalit\u00e9 aux \u00c9mirats arabes unis (2023) La f\u00eate est-elle finie ? Longtemps connus pour leur absence de taxes, les \u00c9mirats arabes unis (EAU) ont d\u00e9cid\u00e9 de mettre en<\/p><\/div><\/div><div class=\"fusion-meta-info\"><div class=\"fusion-alignleft\"><a class=\"fusion-read-more\" href=\"https:\/\/www.onyx-cie.ch\/en\/emirats-arabes-unis-imposition\/\" aria-label=\"More on Les nouvelles r\u00e8gles en mati\u00e8re de fiscalit\u00e9 aux \u00c9mirats arabes unis (2023)\">Read More<\/a><\/div><div class=\"fusion-alignright\"><span>Comments Off<span class=\"screen-reader-text\"> on Les nouvelles r\u00e8gles en mati\u00e8re de fiscalit\u00e9 aux \u00c9mirats arabes unis (2023)<\/span><\/span><\/div><\/div><\/div><div class=\"fusion-clearfix\"><\/div><\/div>\n<\/article>\n<article id=\"blog-1-post-4932\" class=\"fusion-post-grid post-4932 post type-post status-publish format-standard has-post-thumbnail hentry category-international-relocation-en tag-achat-bien-immobilier-en tag-aed-en tag-doubai-en tag-dubai-en tag-eau-en tag-emirats-arabes-unis-en tag-enfant-en-2 tag-entrepreneurs-en tag-etudiants-en tag-famille-en-2 tag-golden-visa-en tag-green-visa-en tag-immobilier-en-2 tag-permis-de-sejour-en tag-permis-de-travail-en tag-propriete-en tag-residence-en-2 tag-scientifiques-en tag-short-term-visa-en tag-start-up-en tag-talents-en tag-touriste-en tag-uae-en tag-visa-en tag-visa-a-court-terme-en tag-visa-dor-en tag-visa-vert-en\">\n<div class=\"fusion-post-wrapper\" style=\"background-color:rgba(255,255,255,0);border:1px solid #ebeaea;border-bottom-width:3px;\">\n\n\t\t\t<div class=\"fusion-flexslider flexslider fusion-flexslider-loading fusion-post-slideshow\" style=\"border-color:#ebeaea;\">\n\t\t<ul class=\"slides\">\n\t\t\t\n\t\t\t\t\t\t\t\t\t\t\t\t\t\t<li><div  class=\"fusion-image-wrapper\" aria-haspopup=\"true\">\n\t\t\t\t<img decoding=\"async\" width=\"2560\" height=\"1315\" src=\"https:\/\/www.onyx-cie.ch\/wp-content\/uploads\/2022\/11\/Golden-visa-et-Dubai-scaled.jpg\" class=\"attachment-full size-full wp-post-image\" alt=\"Dubai lance un golden visa de 10 ans pour les expatri\u00e9s.\" srcset=\"https:\/\/www.onyx-cie.ch\/wp-content\/uploads\/2022\/11\/Golden-visa-et-Dubai-200x103.jpg 200w, https:\/\/www.onyx-cie.ch\/wp-content\/uploads\/2022\/11\/Golden-visa-et-Dubai-400x206.jpg 400w, https:\/\/www.onyx-cie.ch\/wp-content\/uploads\/2022\/11\/Golden-visa-et-Dubai-600x308.jpg 600w, https:\/\/www.onyx-cie.ch\/wp-content\/uploads\/2022\/11\/Golden-visa-et-Dubai-800x411.jpg 800w, https:\/\/www.onyx-cie.ch\/wp-content\/uploads\/2022\/11\/Golden-visa-et-Dubai-1200x617.jpg 1200w, https:\/\/www.onyx-cie.ch\/wp-content\/uploads\/2022\/11\/Golden-visa-et-Dubai-scaled.jpg 2560w\" sizes=\"(min-width: 2200px) 100vw, (min-width: 712px) 530px, (min-width: 640px) 712px, \" \/><div class=\"fusion-rollover\">\n\t<div class=\"fusion-rollover-content\">\n\n\t\t\t\t\n\t\t\n\t\t\t\t\t\t\t\t\n\t\t\t\t\t\t\t\t\n\t\t\n\t\t\t\t\t\t<a class=\"fusion-link-wrapper\" href=\"https:\/\/www.onyx-cie.ch\/en\/residence-visa-dubai\/\" aria-label=\"Quelles sont les nouvelles r\u00e8gles de r\u00e9sidence \u00e0 Duba\u00ef?\"><\/a>\n\t<\/div>\n<\/div>\n<\/div>\n<\/li>\n\t\t\t\n\t\t\t\n\t\t\t\t\t\t\t\t\t\t\t\t\t\t\t\t\t\t\t\t\t\t\t\t\t\t\t\t\t\t\t\t\t\t\t\t\t\t\t\t\t\t\t\t\t\t\t\t\t\t\t\t\t\t\t\t\t\t\t\t\t\t\t\t\t\t\t\t<\/ul>\n\t<\/div>\n\t<div class=\"fusion-post-content-wrapper\" style=\"padding:30px 25px 20px 25px;\"><div class=\"fusion-post-content post-content\"><h2 class=\"blog-shortcode-post-title\"><a href=\"https:\/\/www.onyx-cie.ch\/en\/residence-visa-dubai\/\">Quelles sont les nouvelles r\u00e8gles de r\u00e9sidence \u00e0 Duba\u00ef?<\/a><\/h2><p class=\"fusion-single-line-meta\">By <span><a href=\"https:\/\/www.onyx-cie.ch\/en\/author\/onyx\/\" title=\"Posts by onyx\" rel=\"author\">onyx<\/a><\/span><span class=\"fusion-inline-sep\">|<\/span><span>November 2nd, 2022<\/span><span class=\"fusion-inline-sep\">|<\/span><\/p><div class=\"fusion-content-sep sep-double sep-solid\"><\/div><div class=\"fusion-post-content-container\"><p> Golden Visa, Green Visa et short-term visas : quelles sont les nouvelles r\u00e8gles de r\u00e9sidence \u00e0 Duba\u00ef et aux \u00c9mirats arabes unis\u00a0? I) Introduction Duba\u00ef a le vent en poupe et constitue la destination<\/p><\/div><\/div><div class=\"fusion-meta-info\"><div class=\"fusion-alignleft\"><a class=\"fusion-read-more\" href=\"https:\/\/www.onyx-cie.ch\/en\/residence-visa-dubai\/\" aria-label=\"More on Quelles sont les nouvelles r\u00e8gles de r\u00e9sidence \u00e0 Duba\u00ef?\">Read More<\/a><\/div><div class=\"fusion-alignright\"><span>Comments Off<span class=\"screen-reader-text\"> on Quelles sont les nouvelles r\u00e8gles de r\u00e9sidence \u00e0 Duba\u00ef?<\/span><\/span><\/div><\/div><\/div><div class=\"fusion-clearfix\"><\/div><\/div>\n<\/article>\n<article id=\"blog-1-post-4127\" class=\"fusion-post-grid post-4127 post type-post status-publish format-standard has-post-thumbnail hentry category-uncategorized tag-advisor tag-asset tag-asset-management-en-2 tag-asset-manager tag-bank tag-discretionary-mandate tag-investment-advice tag-investments tag-mandate tag-portfolio-manager tag-risk tag-risk-profile tag-risks tag-supreme-court tag-swiss-code-of-obligations tag-wealth tag-wealth-advisor tag-wealth-management tag-wealth-manager\">\n<div class=\"fusion-post-wrapper\" style=\"background-color:rgba(255,255,255,0);border:1px solid #ebeaea;border-bottom-width:3px;\">\n\n\t\t\t<div class=\"fusion-flexslider flexslider fusion-flexslider-loading fusion-post-slideshow\" style=\"border-color:#ebeaea;\">\n\t\t<ul class=\"slides\">\n\t\t\t\n\t\t\t\t\t\t\t\t\t\t\t\t\t\t<li><div  class=\"fusion-image-wrapper\" aria-haspopup=\"true\">\n\t\t\t\t<img decoding=\"async\" width=\"2560\" height=\"1709\" src=\"https:\/\/www.onyx-cie.ch\/wp-content\/uploads\/2020\/12\/profil-de-risque-onyx-cie-SA-scaled.jpg\" class=\"attachment-full size-full wp-post-image\" alt=\"risk profile and asset management\" srcset=\"https:\/\/www.onyx-cie.ch\/wp-content\/uploads\/2020\/12\/profil-de-risque-onyx-cie-SA-200x134.jpg 200w, https:\/\/www.onyx-cie.ch\/wp-content\/uploads\/2020\/12\/profil-de-risque-onyx-cie-SA-400x267.jpg 400w, https:\/\/www.onyx-cie.ch\/wp-content\/uploads\/2020\/12\/profil-de-risque-onyx-cie-SA-600x401.jpg 600w, https:\/\/www.onyx-cie.ch\/wp-content\/uploads\/2020\/12\/profil-de-risque-onyx-cie-SA-800x534.jpg 800w, https:\/\/www.onyx-cie.ch\/wp-content\/uploads\/2020\/12\/profil-de-risque-onyx-cie-SA-1200x801.jpg 1200w, https:\/\/www.onyx-cie.ch\/wp-content\/uploads\/2020\/12\/profil-de-risque-onyx-cie-SA-scaled.jpg 2560w\" sizes=\"(min-width: 2200px) 100vw, (min-width: 712px) 530px, (min-width: 640px) 712px, \" \/><div class=\"fusion-rollover\">\n\t<div class=\"fusion-rollover-content\">\n\n\t\t\t\t\n\t\t\n\t\t\t\t\t\t\t\t\n\t\t\t\t\t\t\t\t\n\t\t\n\t\t\t\t\t\t<a class=\"fusion-link-wrapper\" href=\"https:\/\/www.onyx-cie.ch\/en\/risk-profil-asset-management\/\" aria-label=\"Risk profiles in wealth management mandates\"><\/a>\n\t<\/div>\n<\/div>\n<\/div>\n<\/li>\n\t\t\t\n\t\t\t\n\t\t\t\t\t\t\t\t\t\t\t\t\t\t\t\t\t\t\t\t\t\t\t\t\t\t\t\t\t\t\t\t\t\t\t\t\t\t\t\t\t\t\t\t\t\t\t\t\t\t\t\t\t\t\t\t\t\t\t\t\t\t\t\t\t\t\t\t<\/ul>\n\t<\/div>\n\t<div class=\"fusion-post-content-wrapper\" style=\"padding:30px 25px 20px 25px;\"><div class=\"fusion-post-content post-content\"><h2 class=\"blog-shortcode-post-title\"><a href=\"https:\/\/www.onyx-cie.ch\/en\/risk-profil-asset-management\/\">Risk profiles in wealth management mandates<\/a><\/h2><p class=\"fusion-single-line-meta\">By <span><a href=\"https:\/\/www.onyx-cie.ch\/en\/author\/onyx\/\" title=\"Posts by onyx\" rel=\"author\">onyx<\/a><\/span><span class=\"fusion-inline-sep\">|<\/span><span>December 13th, 2020<\/span><span class=\"fusion-inline-sep\">|<\/span><\/p><div class=\"fusion-content-sep sep-double sep-solid\"><\/div><div class=\"fusion-post-content-container\"><p>What role should the client\u2019s risk profile play when drawing up a wealth management mandate? We are going to attempt to answer this question, with reference in particular to the recent Federal Supreme Court decision<\/p><\/div><\/div><div class=\"fusion-meta-info\"><div class=\"fusion-alignleft\"><a class=\"fusion-read-more\" href=\"https:\/\/www.onyx-cie.ch\/en\/risk-profil-asset-management\/\" aria-label=\"More on Risk profiles in wealth management mandates\">Read More<\/a><\/div><div class=\"fusion-alignright\"><span>Comments Off<span class=\"screen-reader-text\"> on Risk profiles in wealth management mandates<\/span><\/span><\/div><\/div><\/div><div class=\"fusion-clearfix\"><\/div><\/div>\n<\/article>\n<div class=\"fusion-clearfix\"><\/div><\/div><div class=\"pagination clearfix\"><span class=\"current\">1<\/span><a href=\"https:\/\/www.onyx-cie.ch\/en\/wp-json\/wp\/v2\/pages\/1259\/page\/2\/\" class=\"inactive\">2<\/a><a class=\"pagination-next\" rel=\"next\" href=\"https:\/\/www.onyx-cie.ch\/en\/wp-json\/wp\/v2\/pages\/1259\/page\/2\/\"><span class=\"page-text\">Next<\/span><span class=\"page-next\"><\/span><\/a><\/div><div class=\"fusion-clearfix\"><\/div><\/div><div class=\"fusion-clearfix\"><\/div><\/div><\/div><\/div><\/div>\n","protected":false},"excerpt":{"rendered":"","protected":false},"author":1,"featured_media":0,"parent":0,"menu_order":0,"comment_status":"open","ping_status":"open","template":"","meta":{"footnotes":""},"class_list":["post-1259","page","type-page","status-publish","hentry"],"yoast_head":"<!-- This site is optimized with the Yoast SEO plugin v27.6 - https:\/\/yoast.com\/product\/yoast-seo-wordpress\/ -->\n<title>News - We are an independent family office<\/title>\n<meta name=\"robots\" content=\"index, follow, max-snippet:-1, max-image-preview:large, max-video-preview:-1\" \/>\n<link rel=\"canonical\" href=\"https:\/\/www.onyx-cie.ch\/en\/news\/\" \/>\n<meta property=\"og:locale\" content=\"en_US\" \/>\n<meta property=\"og:type\" content=\"article\" \/>\n<meta property=\"og:title\" content=\"News - We are an independent family office\" \/>\n<meta property=\"og:url\" content=\"https:\/\/www.onyx-cie.ch\/en\/news\/\" \/>\n<meta property=\"og:site_name\" content=\"We are an independent family office\" \/>\n<meta property=\"article:publisher\" content=\"https:\/\/www.facebook.com\/onyxcie\" \/>\n<meta property=\"article:modified_time\" content=\"2019-01-07T15:58:04+00:00\" \/>\n<meta name=\"twitter:card\" content=\"summary_large_image\" \/>\n<meta name=\"twitter:site\" content=\"@onyx_cie\" \/>\n<meta name=\"twitter:label1\" content=\"Est. reading time\" \/>\n\t<meta name=\"twitter:data1\" content=\"1 minute\" \/>\n<script type=\"application\/ld+json\" class=\"yoast-schema-graph\">{\"@context\":\"https:\\\/\\\/schema.org\",\"@graph\":[{\"@type\":\"WebPage\",\"@id\":\"https:\\\/\\\/www.onyx-cie.ch\\\/en\\\/news\\\/\",\"url\":\"https:\\\/\\\/www.onyx-cie.ch\\\/en\\\/news\\\/\",\"name\":\"News - We are an independent family office\",\"isPartOf\":{\"@id\":\"https:\\\/\\\/www.onyx-cie.ch\\\/#website\"},\"datePublished\":\"2016-04-06T09:28:09+00:00\",\"dateModified\":\"2019-01-07T15:58:04+00:00\",\"breadcrumb\":{\"@id\":\"https:\\\/\\\/www.onyx-cie.ch\\\/en\\\/news\\\/#breadcrumb\"},\"inLanguage\":\"en-US\",\"potentialAction\":[{\"@type\":\"ReadAction\",\"target\":[\"https:\\\/\\\/www.onyx-cie.ch\\\/en\\\/news\\\/\"]}]},{\"@type\":\"BreadcrumbList\",\"@id\":\"https:\\\/\\\/www.onyx-cie.ch\\\/en\\\/news\\\/#breadcrumb\",\"itemListElement\":[{\"@type\":\"ListItem\",\"position\":1,\"name\":\"Accueil\",\"item\":\"https:\\\/\\\/www.onyx-cie.ch\\\/en\\\/\"},{\"@type\":\"ListItem\",\"position\":2,\"name\":\"News\"}]},{\"@type\":\"WebSite\",\"@id\":\"https:\\\/\\\/www.onyx-cie.ch\\\/#website\",\"url\":\"https:\\\/\\\/www.onyx-cie.ch\\\/\",\"name\":\"We are an independent family office\",\"description\":\"We have a presence in Europe, Asia and Oceania.\",\"potentialAction\":[{\"@type\":\"SearchAction\",\"target\":{\"@type\":\"EntryPoint\",\"urlTemplate\":\"https:\\\/\\\/www.onyx-cie.ch\\\/?s={search_term_string}\"},\"query-input\":{\"@type\":\"PropertyValueSpecification\",\"valueRequired\":true,\"valueName\":\"search_term_string\"}}],\"inLanguage\":\"en-US\"}]}<\/script>\n<!-- \/ Yoast SEO plugin. -->","yoast_head_json":{"title":"News - We are an independent family office","robots":{"index":"index","follow":"follow","max-snippet":"max-snippet:-1","max-image-preview":"max-image-preview:large","max-video-preview":"max-video-preview:-1"},"canonical":"https:\/\/www.onyx-cie.ch\/en\/news\/","og_locale":"en_US","og_type":"article","og_title":"News - We are an independent family office","og_url":"https:\/\/www.onyx-cie.ch\/en\/news\/","og_site_name":"We are an independent family office","article_publisher":"https:\/\/www.facebook.com\/onyxcie","article_modified_time":"2019-01-07T15:58:04+00:00","twitter_card":"summary_large_image","twitter_site":"@onyx_cie","twitter_misc":{"Est. reading time":"1 minute"},"schema":{"@context":"https:\/\/schema.org","@graph":[{"@type":"WebPage","@id":"https:\/\/www.onyx-cie.ch\/en\/news\/","url":"https:\/\/www.onyx-cie.ch\/en\/news\/","name":"News - We are an independent family office","isPartOf":{"@id":"https:\/\/www.onyx-cie.ch\/#website"},"datePublished":"2016-04-06T09:28:09+00:00","dateModified":"2019-01-07T15:58:04+00:00","breadcrumb":{"@id":"https:\/\/www.onyx-cie.ch\/en\/news\/#breadcrumb"},"inLanguage":"en-US","potentialAction":[{"@type":"ReadAction","target":["https:\/\/www.onyx-cie.ch\/en\/news\/"]}]},{"@type":"BreadcrumbList","@id":"https:\/\/www.onyx-cie.ch\/en\/news\/#breadcrumb","itemListElement":[{"@type":"ListItem","position":1,"name":"Accueil","item":"https:\/\/www.onyx-cie.ch\/en\/"},{"@type":"ListItem","position":2,"name":"News"}]},{"@type":"WebSite","@id":"https:\/\/www.onyx-cie.ch\/#website","url":"https:\/\/www.onyx-cie.ch\/","name":"We are an independent family office","description":"We have a presence in Europe, Asia and Oceania.","potentialAction":[{"@type":"SearchAction","target":{"@type":"EntryPoint","urlTemplate":"https:\/\/www.onyx-cie.ch\/?s={search_term_string}"},"query-input":{"@type":"PropertyValueSpecification","valueRequired":true,"valueName":"search_term_string"}}],"inLanguage":"en-US"}]}},"_links":{"self":[{"href":"https:\/\/www.onyx-cie.ch\/en\/wp-json\/wp\/v2\/pages\/1259","targetHints":{"allow":["GET"]}}],"collection":[{"href":"https:\/\/www.onyx-cie.ch\/en\/wp-json\/wp\/v2\/pages"}],"about":[{"href":"https:\/\/www.onyx-cie.ch\/en\/wp-json\/wp\/v2\/types\/page"}],"author":[{"embeddable":true,"href":"https:\/\/www.onyx-cie.ch\/en\/wp-json\/wp\/v2\/users\/1"}],"replies":[{"embeddable":true,"href":"https:\/\/www.onyx-cie.ch\/en\/wp-json\/wp\/v2\/comments?post=1259"}],"version-history":[{"count":7,"href":"https:\/\/www.onyx-cie.ch\/en\/wp-json\/wp\/v2\/pages\/1259\/revisions"}],"predecessor-version":[{"id":2974,"href":"https:\/\/www.onyx-cie.ch\/en\/wp-json\/wp\/v2\/pages\/1259\/revisions\/2974"}],"wp:attachment":[{"href":"https:\/\/www.onyx-cie.ch\/en\/wp-json\/wp\/v2\/media?parent=1259"}],"curies":[{"name":"wp","href":"https:\/\/api.w.org\/{rel}","templated":true}]}}